{"id":130,"date":"2019-09-09T15:19:31","date_gmt":"2019-09-09T13:19:31","guid":{"rendered":"http:\/\/refonte.seminaire-prestige.fr\/chateau-disenbourg-colmar\/?page_id=130"},"modified":"2023-01-27T13:04:43","modified_gmt":"2023-01-27T12:04:43","slug":"demande-de-devis","status":"publish","type":"page","link":"https:\/\/demo.seminaire-prestige.fr\/sources-cheverny-val-de-loire\/demande-de-devis\/","title":{"rendered":"Demande de devis"},"content":{"rendered":"<div class=\"fusion-fullwidth fullwidth-box fusion-builder-row-1 fusion-flex-container nonhundred-percent-fullwidth non-hundred-percent-height-scrolling\" style=\"--awb-border-radius-top-left:0px;--awb-border-radius-top-right:0px;--awb-border-radius-bottom-right:0px;--awb-border-radius-bottom-left:0px;--awb-padding-top:60px;--awb-padding-bottom:0px;--awb-background-color:rgba(255,255,255,0);\" ><div class=\"fusion-builder-row fusion-row fusion-flex-align-items-flex-start\" style=\"max-width:1144px;margin-left: calc(-4% \/ 2 );margin-right: calc(-4% \/ 2 );\"><div class=\"fusion-layout-column fusion_builder_column fusion-builder-column-0 fusion_builder_column_3_4 3_4 fusion-flex-column fusion-flex-align-self-flex-start fusion-column-no-min-height fusion-animated\" style=\"--awb-bg-blend:overlay;--awb-bg-size:cover;--awb-width-large:75%;--awb-margin-top-large:-50px;--awb-spacing-right-large:2.56%;--awb-margin-bottom-large:10px;--awb-spacing-left-large:2.56%;--awb-width-medium:100%;--awb-spacing-right-medium:1.92%;--awb-spacing-left-medium:1.92%;--awb-width-small:100%;--awb-spacing-right-small:1.92%;--awb-spacing-left-small:1.92%;\" data-animationType=\"fadeInLeft\" data-animationDuration=\"0.6\" data-animationOffset=\"top-into-view\"><div class=\"fusion-column-wrapper fusion-column-has-shadow fusion-flex-justify-content-flex-start fusion-content-layout-column\"><div class=\"fusion-title title fusion-title-1 fusion-title-text fusion-title-size-two\" style=\"--awb-text-color:#899064;--awb-margin-bottom:30px;\"><div class=\"title-sep-container title-sep-container-left fusion-no-large-visibility fusion-no-medium-visibility fusion-no-small-visibility\"><div class=\"title-sep sep-single sep-solid\" style=\"border-color:#e0dede;\"><\/div><\/div><span class=\"awb-title-spacer fusion-no-large-visibility fusion-no-medium-visibility fusion-no-small-visibility\"><\/span><h2 class=\"title-heading-left fusion-responsive-typography-calculated\" style=\"margin:0;--fontSize:26;line-height:1.69;\">Les Sources de Cheverny &#8211; Contact<\/h2><span class=\"awb-title-spacer\"><\/span><div class=\"title-sep-container title-sep-container-right\"><div class=\"title-sep sep-single sep-solid\" style=\"border-color:#e0dede;\"><\/div><\/div><\/div><div class=\"fusion-text fusion-text-1\"><div id=\"frmapi-103684\" class=\"frmapi-form\" data-url=\"https:\/\/demo.seminaire-prestige.fr\/wp-json\/frm\/v2\/forms\/10?exclude_script=&#038;return=html\"><\/div>\n<\/div><div class=\"fusion-separator fusion-no-large-visibility fusion-full-width-sep\" style=\"align-self: center;margin-left: auto;margin-right: auto;margin-top:120px;margin-bottom:20px;width:100%;\"><div class=\"fusion-separator-border sep-single\" style=\"--awb-height:20px;--awb-amount:20px;border-color:#e0dede;border-top-width:0px;\"><\/div><\/div><\/div><\/div><div class=\"fusion-layout-column fusion_builder_column fusion-builder-column-1 fusion_builder_column_1_4 1_4 fusion-flex-column fusion-animated\" style=\"--awb-padding-top:20px;--awb-padding-right:20px;--awb-padding-left:20px;--awb-bg-color:#ffffff;--awb-bg-position:center center;--awb-bg-size:cover;--awb-box-shadow:0px 25px 20px 0px rgba(61,61,61,0.1);;--awb-border-color:#899064;--awb-border-top:3px;--awb-border-style:solid;--awb-width-large:25%;--awb-margin-top-large:-50px;--awb-spacing-right-large:7.68%;--awb-margin-bottom-large:10px;--awb-spacing-left-large:7.68%;--awb-width-medium:100%;--awb-spacing-right-medium:1.92%;--awb-spacing-left-medium:1.92%;--awb-width-small:100%;--awb-spacing-right-small:1.92%;--awb-spacing-left-small:1.92%;\" data-animationType=\"fadeInUp\" data-animationDuration=\"0.6\" data-animationOffset=\"top-into-view\"><div class=\"fusion-column-wrapper fusion-column-has-shadow fusion-flex-justify-content-flex-start fusion-content-layout-column\"><div class=\"fusion-title title fusion-title-2 fusion-title-center fusion-title-text fusion-title-size-three\" style=\"--awb-text-color:#899064;\"><div class=\"title-sep-container title-sep-container-left\"><div class=\"title-sep sep-single sep-solid\" style=\"border-color:#e0dede;\"><\/div><\/div><span class=\"awb-title-spacer\"><\/span><h3 class=\"title-heading-center fusion-responsive-typography-calculated\" style=\"margin:0;--fontSize:24;line-height:1.67;\">Votre interlocutrice<\/h3><span class=\"awb-title-spacer\"><\/span><div class=\"title-sep-container title-sep-container-right\"><div class=\"title-sep sep-single sep-solid\" style=\"border-color:#e0dede;\"><\/div><\/div><\/div><div class=\"fusion-title title fusion-title-3 fusion-sep-none fusion-title-center fusion-title-text fusion-title-size-two\" style=\"--awb-text-color:#848f96;--awb-margin-bottom:30px;\"><h2 class=\"title-heading-center fusion-responsive-typography-calculated\" style=\"margin:0;--fontSize:26;line-height:1.69;\">Elodie Brinon<br \/><span style=\"font-size: 10pt;\">T\u00e9l : +33 (0)2 54 44 20 20<\/span><br \/><span style=\"font-size: 10pt;\">seminaire@sources-cheverny.com<\/span><\/h2><\/div><\/div><\/div><\/div><\/div>\n","protected":false},"excerpt":{"rendered":"","protected":false},"author":1,"featured_media":0,"parent":0,"menu_order":0,"comment_status":"closed","ping_status":"closed","template":"","meta":[],"yoast_head":"<!-- This site is optimized with the Yoast SEO plugin v20.0 - https:\/\/yoast.com\/wordpress\/plugins\/seo\/ -->\n<title>Contactez notre \u00e9quipe commerciale - H\u00f4tel Sources de Cheverny<\/title>\n<meta name=\"description\" content=\"Contactez notre \u00e9quipe commerciale pour vos demandes de devis s\u00e9minaires et incentives. H\u00f4tel les Sources de Chevenry - Loir et Cher\" \/>\n<meta name=\"robots\" content=\"index, follow, max-snippet:-1, max-image-preview:large, max-video-preview:-1\" \/>\n<link rel=\"canonical\" href=\"https:\/\/demo.seminaire-prestige.fr\/sources-cheverny-val-de-loire\/demande-de-devis\/\" \/>\n<meta property=\"og:locale\" content=\"fr_FR\" \/>\n<meta property=\"og:type\" content=\"article\" \/>\n<meta property=\"og:title\" content=\"Contactez notre \u00e9quipe commerciale - H\u00f4tel Sources de Cheverny\" \/>\n<meta property=\"og:description\" content=\"Contactez notre \u00e9quipe commerciale pour vos demandes de devis s\u00e9minaires et incentives. H\u00f4tel les Sources de Chevenry - Loir et Cher\" \/>\n<meta property=\"og:url\" content=\"https:\/\/demo.seminaire-prestige.fr\/sources-cheverny-val-de-loire\/demande-de-devis\/\" \/>\n<meta property=\"og:site_name\" content=\"Les Sources de Cheverny Val de Loire\" \/>\n<meta property=\"article:modified_time\" content=\"2023-01-27T12:04:43+00:00\" \/>\n<meta name=\"twitter:card\" content=\"summary_large_image\" \/>\n<meta name=\"twitter:label1\" content=\"Dur\u00e9e de lecture estim\u00e9e\" \/>\n\t<meta name=\"twitter:data1\" content=\"3 minutes\" \/>\n<script type=\"application\/ld+json\" class=\"yoast-schema-graph\">{\"@context\":\"https:\/\/schema.org\",\"@graph\":[{\"@type\":\"WebPage\",\"@id\":\"https:\/\/demo.seminaire-prestige.fr\/sources-cheverny-val-de-loire\/demande-de-devis\/\",\"url\":\"https:\/\/demo.seminaire-prestige.fr\/sources-cheverny-val-de-loire\/demande-de-devis\/\",\"name\":\"Contactez notre \u00e9quipe commerciale - H\u00f4tel Sources de Cheverny\",\"isPartOf\":{\"@id\":\"https:\/\/demo.seminaire-prestige.fr\/sources-cheverny-val-de-loire\/#website\"},\"datePublished\":\"2019-09-09T13:19:31+00:00\",\"dateModified\":\"2023-01-27T12:04:43+00:00\",\"description\":\"Contactez notre \u00e9quipe commerciale pour vos demandes de devis s\u00e9minaires et incentives. H\u00f4tel les Sources de Chevenry - Loir et Cher\",\"breadcrumb\":{\"@id\":\"https:\/\/demo.seminaire-prestige.fr\/sources-cheverny-val-de-loire\/demande-de-devis\/#breadcrumb\"},\"inLanguage\":\"fr-FR\",\"potentialAction\":[{\"@type\":\"ReadAction\",\"target\":[\"https:\/\/demo.seminaire-prestige.fr\/sources-cheverny-val-de-loire\/demande-de-devis\/\"]}]},{\"@type\":\"BreadcrumbList\",\"@id\":\"https:\/\/demo.seminaire-prestige.fr\/sources-cheverny-val-de-loire\/demande-de-devis\/#breadcrumb\",\"itemListElement\":[{\"@type\":\"ListItem\",\"position\":1,\"name\":\"Accueil\",\"item\":\"https:\/\/demo.seminaire-prestige.fr\/sources-cheverny-val-de-loire\/\"},{\"@type\":\"ListItem\",\"position\":2,\"name\":\"Demande de devis\"}]},{\"@type\":\"WebSite\",\"@id\":\"https:\/\/demo.seminaire-prestige.fr\/sources-cheverny-val-de-loire\/#website\",\"url\":\"https:\/\/demo.seminaire-prestige.fr\/sources-cheverny-val-de-loire\/\",\"name\":\"Les Sources de Cheverny Val de Loire\",\"description\":\"\",\"potentialAction\":[{\"@type\":\"SearchAction\",\"target\":{\"@type\":\"EntryPoint\",\"urlTemplate\":\"https:\/\/demo.seminaire-prestige.fr\/sources-cheverny-val-de-loire\/?s={search_term_string}\"},\"query-input\":\"required name=search_term_string\"}],\"inLanguage\":\"fr-FR\"}]}<\/script>\n<!-- \/ Yoast SEO plugin. -->","yoast_head_json":{"title":"Contactez notre \u00e9quipe commerciale - H\u00f4tel Sources de Cheverny","description":"Contactez notre \u00e9quipe commerciale pour vos demandes de devis s\u00e9minaires et incentives. H\u00f4tel les Sources de Chevenry - Loir et Cher","robots":{"index":"index","follow":"follow","max-snippet":"max-snippet:-1","max-image-preview":"max-image-preview:large","max-video-preview":"max-video-preview:-1"},"canonical":"https:\/\/demo.seminaire-prestige.fr\/sources-cheverny-val-de-loire\/demande-de-devis\/","og_locale":"fr_FR","og_type":"article","og_title":"Contactez notre \u00e9quipe commerciale - H\u00f4tel Sources de Cheverny","og_description":"Contactez notre \u00e9quipe commerciale pour vos demandes de devis s\u00e9minaires et incentives. H\u00f4tel les Sources de Chevenry - Loir et Cher","og_url":"https:\/\/demo.seminaire-prestige.fr\/sources-cheverny-val-de-loire\/demande-de-devis\/","og_site_name":"Les Sources de Cheverny Val de Loire","article_modified_time":"2023-01-27T12:04:43+00:00","twitter_card":"summary_large_image","twitter_misc":{"Dur\u00e9e de lecture estim\u00e9e":"3 minutes"},"schema":{"@context":"https:\/\/schema.org","@graph":[{"@type":"WebPage","@id":"https:\/\/demo.seminaire-prestige.fr\/sources-cheverny-val-de-loire\/demande-de-devis\/","url":"https:\/\/demo.seminaire-prestige.fr\/sources-cheverny-val-de-loire\/demande-de-devis\/","name":"Contactez notre \u00e9quipe commerciale - H\u00f4tel Sources de Cheverny","isPartOf":{"@id":"https:\/\/demo.seminaire-prestige.fr\/sources-cheverny-val-de-loire\/#website"},"datePublished":"2019-09-09T13:19:31+00:00","dateModified":"2023-01-27T12:04:43+00:00","description":"Contactez notre \u00e9quipe commerciale pour vos demandes de devis s\u00e9minaires et incentives. H\u00f4tel les Sources de Chevenry - Loir et Cher","breadcrumb":{"@id":"https:\/\/demo.seminaire-prestige.fr\/sources-cheverny-val-de-loire\/demande-de-devis\/#breadcrumb"},"inLanguage":"fr-FR","potentialAction":[{"@type":"ReadAction","target":["https:\/\/demo.seminaire-prestige.fr\/sources-cheverny-val-de-loire\/demande-de-devis\/"]}]},{"@type":"BreadcrumbList","@id":"https:\/\/demo.seminaire-prestige.fr\/sources-cheverny-val-de-loire\/demande-de-devis\/#breadcrumb","itemListElement":[{"@type":"ListItem","position":1,"name":"Accueil","item":"https:\/\/demo.seminaire-prestige.fr\/sources-cheverny-val-de-loire\/"},{"@type":"ListItem","position":2,"name":"Demande de devis"}]},{"@type":"WebSite","@id":"https:\/\/demo.seminaire-prestige.fr\/sources-cheverny-val-de-loire\/#website","url":"https:\/\/demo.seminaire-prestige.fr\/sources-cheverny-val-de-loire\/","name":"Les Sources de Cheverny Val de Loire","description":"","potentialAction":[{"@type":"SearchAction","target":{"@type":"EntryPoint","urlTemplate":"https:\/\/demo.seminaire-prestige.fr\/sources-cheverny-val-de-loire\/?s={search_term_string}"},"query-input":"required name=search_term_string"}],"inLanguage":"fr-FR"}]}},"_links":{"self":[{"href":"https:\/\/demo.seminaire-prestige.fr\/sources-cheverny-val-de-loire\/wp-json\/wp\/v2\/pages\/130"}],"collection":[{"href":"https:\/\/demo.seminaire-prestige.fr\/sources-cheverny-val-de-loire\/wp-json\/wp\/v2\/pages"}],"about":[{"href":"https:\/\/demo.seminaire-prestige.fr\/sources-cheverny-val-de-loire\/wp-json\/wp\/v2\/types\/page"}],"author":[{"embeddable":true,"href":"https:\/\/demo.seminaire-prestige.fr\/sources-cheverny-val-de-loire\/wp-json\/wp\/v2\/users\/1"}],"replies":[{"embeddable":true,"href":"https:\/\/demo.seminaire-prestige.fr\/sources-cheverny-val-de-loire\/wp-json\/wp\/v2\/comments?post=130"}],"version-history":[{"count":16,"href":"https:\/\/demo.seminaire-prestige.fr\/sources-cheverny-val-de-loire\/wp-json\/wp\/v2\/pages\/130\/revisions"}],"predecessor-version":[{"id":855,"href":"https:\/\/demo.seminaire-prestige.fr\/sources-cheverny-val-de-loire\/wp-json\/wp\/v2\/pages\/130\/revisions\/855"}],"wp:attachment":[{"href":"https:\/\/demo.seminaire-prestige.fr\/sources-cheverny-val-de-loire\/wp-json\/wp\/v2\/media?parent=130"}],"curies":[{"name":"wp","href":"https:\/\/api.w.org\/{rel}","templated":true}]}}