{"id":116,"date":"2019-09-09T14:47:08","date_gmt":"2019-09-09T12:47:08","guid":{"rendered":"http:\/\/refonte.seminaire-prestige.fr\/chateau-disenbourg-colmar\/?page_id=116"},"modified":"2023-01-27T18:10:57","modified_gmt":"2023-01-27T17:10:57","slug":"acces","status":"publish","type":"page","link":"https:\/\/demo.seminaire-prestige.fr\/sources-cheverny-val-de-loire\/acces\/","title":{"rendered":"Acc\u00e8s"},"content":{"rendered":"<div class=\"fusion-fullwidth fullwidth-box fusion-builder-row-1 fusion-flex-container nonhundred-percent-fullwidth non-hundred-percent-height-scrolling\" style=\"--awb-border-radius-top-left:0px;--awb-border-radius-top-right:0px;--awb-border-radius-bottom-right:0px;--awb-border-radius-bottom-left:0px;--awb-padding-top:60px;--awb-padding-bottom:0px;--awb-margin-bottom:-50px;--awb-background-color:rgba(255,255,255,0);\" ><div class=\"fusion-builder-row fusion-row fusion-flex-align-items-stretch\" style=\"max-width:1144px;margin-left: calc(-4% \/ 2 );margin-right: calc(-4% \/ 2 );\"><div class=\"fusion-layout-column fusion_builder_column fusion-builder-column-0 fusion_builder_column_3_4 3_4 fusion-flex-column fusion-animated\" style=\"--awb-overflow:hidden;--awb-bg-blend:overlay;--awb-bg-size:cover;--awb-border-radius:25px 25px 25px 25px;--awb-width-large:75%;--awb-margin-top-large:-50px;--awb-spacing-right-large:2.56%;--awb-margin-bottom-large:10px;--awb-spacing-left-large:2.56%;--awb-width-medium:100%;--awb-spacing-right-medium:1.92%;--awb-spacing-left-medium:1.92%;--awb-width-small:100%;--awb-spacing-right-small:1.92%;--awb-spacing-left-small:1.92%;\" data-animationType=\"fadeInLeft\" data-animationDuration=\"0.6\" data-animationOffset=\"top-into-view\"><div class=\"fusion-column-wrapper fusion-column-has-shadow fusion-flex-justify-content-flex-start fusion-content-layout-column\"><div class=\"fusion-title title fusion-title-1 fusion-title-text fusion-title-size-two\" style=\"--awb-text-color:#899064;\"><div class=\"title-sep-container title-sep-container-left fusion-no-large-visibility fusion-no-medium-visibility fusion-no-small-visibility\"><div class=\"title-sep sep-single sep-solid\" style=\"border-color:#e0dede;\"><\/div><\/div><span class=\"awb-title-spacer fusion-no-large-visibility fusion-no-medium-visibility fusion-no-small-visibility\"><\/span><h2 class=\"title-heading-left fusion-responsive-typography-calculated\" style=\"margin:0;--fontSize:26;line-height:1.69;\">Les Sources de Cheverny \u2013 Acc\u00e8s train &amp; voiture<\/h2><span class=\"awb-title-spacer\"><\/span><div class=\"title-sep-container title-sep-container-right\"><div class=\"title-sep sep-single sep-solid\" style=\"border-color:#e0dede;\"><\/div><\/div><\/div><div class=\"fusion-text fusion-text-1\"><p style=\"text-align: center\">23, route de Foug\u00e8res \u2013 41700 Cheverny<br \/>\nT\u00e9l. +33 (0)2 54 44 20 20<\/p>\n<\/div><div class=\"shortcode-map fusion-google-map fusion-maps-embed-type\"><iframe width=\"100%\" height=\"300px\" frameborder=\"0\" style=\"border:0\" src=\"https:\/\/www.google.com\/maps\/embed\/v1\/place?key=AIzaSyBJYwiGumjd8siAUsFAumNf_bxe2Bw-_4M&language=fr&q=23,+route+de+Foug\u00e8res+\u2013+41700+Cheverny&maptype=roadmap&zoom=8\" allowfullscreen><\/iframe><\/div><div class=\"fusion-text fusion-text-2\"><div class=\"elementor-element elementor-element-b572eb4 elementor-widget elementor-widget-heading\" data-id=\"b572eb4\" data-element_type=\"widget\" data-widget_type=\"heading.default\">\n<div class=\"elementor-widget-container\"><span style=\"color: var(--awb-text-color); font-family: var(--awb-text-font-family); font-size: var(--awb-font-size); font-style: var(--awb-text-font-style); letter-spacing: var(--awb-letter-spacing); text-align: var(--awb-content-alignment); text-transform: var(--awb-text-transform); background-color: var(--awb-bg-color);\"><span style=\"color: var(--awb-custom_color_1);\">Acc\u00e8s en train :<\/span><br \/><span style=\"font-weight: var(--awb-text-font-weight);\">Gare de <\/span><\/span>Blois-Chambord<span style=\"color: var(--awb-text-color); font-family: var(--awb-text-font-family); font-size: var(--awb-font-size); font-style: var(--awb-text-font-style); letter-spacing: var(--awb-letter-spacing); text-align: var(--awb-content-alignment); text-transform: var(--awb-text-transform); background-color: var(--awb-bg-color);\"><span style=\"font-weight: var(--awb-text-font-weight);\"> puis 20 minutes de transfert<\/span><br \/><span style=\"font-weight: var(--awb-text-font-weight);\">Gare de Saint-Pierre-des-Corps ou Vend\u00f4me TGV puis 50 minutes de transfert<\/span><\/span><\/div>\n<\/div>\n<div class=\"elementor-element elementor-element-bf29ef2 elementor-widget elementor-widget-text-editor\" data-id=\"bf29ef2\" data-element_type=\"widget\" data-widget_type=\"text-editor.default\">\n<div class=\"elementor-widget-container\">\n<div class=\"elementor-text-editor elementor-clearfix\">\n<p><span style=\"color: var(--awb-custom_color_1);\">Acc\u00e8s en voiture :<\/span><br \/>\n2h de Paris via l\u2019A10 (des bornes de chargement sont disponibles pour les propri\u00e9taires de v\u00e9hicule \u00e9lectrique)<\/p>\n<\/div>\n<\/div>\n<\/div>\n<\/div><\/div><\/div><div class=\"fusion-layout-column fusion_builder_column fusion-builder-column-1 fusion_builder_column_1_4 1_4 fusion-flex-column fusion-animated\" style=\"--awb-padding-bottom:0px;--awb-bg-color:#ffffff;--awb-bg-position:center center;--awb-bg-size:cover;--awb-width-large:25%;--awb-margin-top-large:-50px;--awb-spacing-right-large:7.68%;--awb-margin-bottom-large:10px;--awb-spacing-left-large:7.68%;--awb-width-medium:100%;--awb-spacing-right-medium:1.92%;--awb-spacing-left-medium:1.92%;--awb-width-small:100%;--awb-spacing-right-small:1.92%;--awb-spacing-left-small:1.92%;\" data-animationType=\"fadeInUp\" data-animationDuration=\"0.6\" data-animationOffset=\"top-into-view\"><div class=\"fusion-column-wrapper fusion-column-has-shadow fusion-flex-justify-content-flex-start fusion-content-layout-column\"><div class=\"fusion-text fusion-text-3\"><\/div><div class=\"fusion-text fusion-text-4\"><p style=\"text-align: right\">Nous pouvons vous aider pour les transferts gare \/ a\u00e9roport.<\/p>\n<\/div><div style=\"text-align:right;\"><a class=\"fusion-button button-flat button-medium button-custom fusion-button-default button-1 fusion-button-default-span fusion-has-button-gradient\" style=\"--button_accent_color:#ffffff;--button_accent_hover_color:#ffffff;--button_border_hover_color:#ffffff;--button_border_width-top:0px;--button_border_width-right:0px;--button_border_width-bottom:0px;--button_border_width-left:0px;--button_gradient_top_color:#899064;--button_gradient_bottom_color:#818c61;--button_gradient_top_color_hover:#818c61;--button_gradient_bottom_color_hover:#899064;--button_text_transform:none;\" target=\"_self\" href=\"http:\/\/demo.seminaire-prestige.fr\/sources-cheverny-val-de-loire\/demande-de-devis\/\"><span class=\"fusion-button-text\">Contacter notre \u00e9quipe<\/span><i class=\"fa-envelope fas button-icon-right\" aria-hidden=\"true\"><\/i><\/a><\/div><\/div><\/div><\/div><\/div>\n","protected":false},"excerpt":{"rendered":"","protected":false},"author":1,"featured_media":0,"parent":0,"menu_order":0,"comment_status":"closed","ping_status":"closed","template":"","meta":[],"yoast_head":"<!-- This site is optimized with the Yoast SEO plugin v20.0 - https:\/\/yoast.com\/wordpress\/plugins\/seo\/ -->\n<title>H\u00f4tel Sources de Cheverny pour votre s\u00e9minaire en Val de Loire - Acc\u00e8s<\/title>\n<meta name=\"description\" content=\"S\u00e9minaires H\u00f4tel les Sources de Cheverny \u00e0 2h de Paris - moyens d&#039;acc\u00e8s. Voiture autoroute A10, train gare Blois-Chambord\" \/>\n<meta name=\"robots\" content=\"index, follow, max-snippet:-1, max-image-preview:large, max-video-preview:-1\" \/>\n<link rel=\"canonical\" href=\"https:\/\/demo.seminaire-prestige.fr\/sources-cheverny-val-de-loire\/acces\/\" \/>\n<meta property=\"og:locale\" content=\"fr_FR\" \/>\n<meta property=\"og:type\" content=\"article\" \/>\n<meta property=\"og:title\" content=\"H\u00f4tel Sources de Cheverny pour votre s\u00e9minaire en Val de Loire - Acc\u00e8s\" \/>\n<meta property=\"og:description\" content=\"S\u00e9minaires H\u00f4tel les Sources de Cheverny \u00e0 2h de Paris - moyens d&#039;acc\u00e8s. Voiture autoroute A10, train gare Blois-Chambord\" \/>\n<meta property=\"og:url\" content=\"https:\/\/demo.seminaire-prestige.fr\/sources-cheverny-val-de-loire\/acces\/\" \/>\n<meta property=\"og:site_name\" content=\"Les Sources de Cheverny Val de Loire\" \/>\n<meta property=\"article:modified_time\" content=\"2023-01-27T17:10:57+00:00\" \/>\n<meta name=\"twitter:card\" content=\"summary_large_image\" \/>\n<meta name=\"twitter:label1\" content=\"Dur\u00e9e de lecture estim\u00e9e\" \/>\n\t<meta name=\"twitter:data1\" content=\"3 minutes\" \/>\n<script type=\"application\/ld+json\" class=\"yoast-schema-graph\">{\"@context\":\"https:\/\/schema.org\",\"@graph\":[{\"@type\":\"WebPage\",\"@id\":\"https:\/\/demo.seminaire-prestige.fr\/sources-cheverny-val-de-loire\/acces\/\",\"url\":\"https:\/\/demo.seminaire-prestige.fr\/sources-cheverny-val-de-loire\/acces\/\",\"name\":\"H\u00f4tel Sources de Cheverny pour votre s\u00e9minaire en Val de Loire - Acc\u00e8s\",\"isPartOf\":{\"@id\":\"https:\/\/demo.seminaire-prestige.fr\/sources-cheverny-val-de-loire\/#website\"},\"datePublished\":\"2019-09-09T12:47:08+00:00\",\"dateModified\":\"2023-01-27T17:10:57+00:00\",\"description\":\"S\u00e9minaires H\u00f4tel les Sources de Cheverny \u00e0 2h de Paris - moyens d'acc\u00e8s. Voiture autoroute A10, train gare Blois-Chambord\",\"breadcrumb\":{\"@id\":\"https:\/\/demo.seminaire-prestige.fr\/sources-cheverny-val-de-loire\/acces\/#breadcrumb\"},\"inLanguage\":\"fr-FR\",\"potentialAction\":[{\"@type\":\"ReadAction\",\"target\":[\"https:\/\/demo.seminaire-prestige.fr\/sources-cheverny-val-de-loire\/acces\/\"]}]},{\"@type\":\"BreadcrumbList\",\"@id\":\"https:\/\/demo.seminaire-prestige.fr\/sources-cheverny-val-de-loire\/acces\/#breadcrumb\",\"itemListElement\":[{\"@type\":\"ListItem\",\"position\":1,\"name\":\"Accueil\",\"item\":\"https:\/\/demo.seminaire-prestige.fr\/sources-cheverny-val-de-loire\/\"},{\"@type\":\"ListItem\",\"position\":2,\"name\":\"Acc\u00e8s\"}]},{\"@type\":\"WebSite\",\"@id\":\"https:\/\/demo.seminaire-prestige.fr\/sources-cheverny-val-de-loire\/#website\",\"url\":\"https:\/\/demo.seminaire-prestige.fr\/sources-cheverny-val-de-loire\/\",\"name\":\"Les Sources de Cheverny Val de Loire\",\"description\":\"\",\"potentialAction\":[{\"@type\":\"SearchAction\",\"target\":{\"@type\":\"EntryPoint\",\"urlTemplate\":\"https:\/\/demo.seminaire-prestige.fr\/sources-cheverny-val-de-loire\/?s={search_term_string}\"},\"query-input\":\"required name=search_term_string\"}],\"inLanguage\":\"fr-FR\"}]}<\/script>\n<!-- \/ Yoast SEO plugin. -->","yoast_head_json":{"title":"H\u00f4tel Sources de Cheverny pour votre s\u00e9minaire en Val de Loire - Acc\u00e8s","description":"S\u00e9minaires H\u00f4tel les Sources de Cheverny \u00e0 2h de Paris - moyens d'acc\u00e8s. Voiture autoroute A10, train gare Blois-Chambord","robots":{"index":"index","follow":"follow","max-snippet":"max-snippet:-1","max-image-preview":"max-image-preview:large","max-video-preview":"max-video-preview:-1"},"canonical":"https:\/\/demo.seminaire-prestige.fr\/sources-cheverny-val-de-loire\/acces\/","og_locale":"fr_FR","og_type":"article","og_title":"H\u00f4tel Sources de Cheverny pour votre s\u00e9minaire en Val de Loire - Acc\u00e8s","og_description":"S\u00e9minaires H\u00f4tel les Sources de Cheverny \u00e0 2h de Paris - moyens d'acc\u00e8s. Voiture autoroute A10, train gare Blois-Chambord","og_url":"https:\/\/demo.seminaire-prestige.fr\/sources-cheverny-val-de-loire\/acces\/","og_site_name":"Les Sources de Cheverny Val de Loire","article_modified_time":"2023-01-27T17:10:57+00:00","twitter_card":"summary_large_image","twitter_misc":{"Dur\u00e9e de lecture estim\u00e9e":"3 minutes"},"schema":{"@context":"https:\/\/schema.org","@graph":[{"@type":"WebPage","@id":"https:\/\/demo.seminaire-prestige.fr\/sources-cheverny-val-de-loire\/acces\/","url":"https:\/\/demo.seminaire-prestige.fr\/sources-cheverny-val-de-loire\/acces\/","name":"H\u00f4tel Sources de Cheverny pour votre s\u00e9minaire en Val de Loire - Acc\u00e8s","isPartOf":{"@id":"https:\/\/demo.seminaire-prestige.fr\/sources-cheverny-val-de-loire\/#website"},"datePublished":"2019-09-09T12:47:08+00:00","dateModified":"2023-01-27T17:10:57+00:00","description":"S\u00e9minaires H\u00f4tel les Sources de Cheverny \u00e0 2h de Paris - moyens d'acc\u00e8s. Voiture autoroute A10, train gare Blois-Chambord","breadcrumb":{"@id":"https:\/\/demo.seminaire-prestige.fr\/sources-cheverny-val-de-loire\/acces\/#breadcrumb"},"inLanguage":"fr-FR","potentialAction":[{"@type":"ReadAction","target":["https:\/\/demo.seminaire-prestige.fr\/sources-cheverny-val-de-loire\/acces\/"]}]},{"@type":"BreadcrumbList","@id":"https:\/\/demo.seminaire-prestige.fr\/sources-cheverny-val-de-loire\/acces\/#breadcrumb","itemListElement":[{"@type":"ListItem","position":1,"name":"Accueil","item":"https:\/\/demo.seminaire-prestige.fr\/sources-cheverny-val-de-loire\/"},{"@type":"ListItem","position":2,"name":"Acc\u00e8s"}]},{"@type":"WebSite","@id":"https:\/\/demo.seminaire-prestige.fr\/sources-cheverny-val-de-loire\/#website","url":"https:\/\/demo.seminaire-prestige.fr\/sources-cheverny-val-de-loire\/","name":"Les Sources de Cheverny Val de Loire","description":"","potentialAction":[{"@type":"SearchAction","target":{"@type":"EntryPoint","urlTemplate":"https:\/\/demo.seminaire-prestige.fr\/sources-cheverny-val-de-loire\/?s={search_term_string}"},"query-input":"required name=search_term_string"}],"inLanguage":"fr-FR"}]}},"_links":{"self":[{"href":"https:\/\/demo.seminaire-prestige.fr\/sources-cheverny-val-de-loire\/wp-json\/wp\/v2\/pages\/116"}],"collection":[{"href":"https:\/\/demo.seminaire-prestige.fr\/sources-cheverny-val-de-loire\/wp-json\/wp\/v2\/pages"}],"about":[{"href":"https:\/\/demo.seminaire-prestige.fr\/sources-cheverny-val-de-loire\/wp-json\/wp\/v2\/types\/page"}],"author":[{"embeddable":true,"href":"https:\/\/demo.seminaire-prestige.fr\/sources-cheverny-val-de-loire\/wp-json\/wp\/v2\/users\/1"}],"replies":[{"embeddable":true,"href":"https:\/\/demo.seminaire-prestige.fr\/sources-cheverny-val-de-loire\/wp-json\/wp\/v2\/comments?post=116"}],"version-history":[{"count":22,"href":"https:\/\/demo.seminaire-prestige.fr\/sources-cheverny-val-de-loire\/wp-json\/wp\/v2\/pages\/116\/revisions"}],"predecessor-version":[{"id":871,"href":"https:\/\/demo.seminaire-prestige.fr\/sources-cheverny-val-de-loire\/wp-json\/wp\/v2\/pages\/116\/revisions\/871"}],"wp:attachment":[{"href":"https:\/\/demo.seminaire-prestige.fr\/sources-cheverny-val-de-loire\/wp-json\/wp\/v2\/media?parent=116"}],"curies":[{"name":"wp","href":"https:\/\/api.w.org\/{rel}","templated":true}]}}