{"id":633,"date":"2023-01-16T13:43:12","date_gmt":"2023-01-16T12:43:12","guid":{"rendered":"https:\/\/seminaire-prestige.fr\/chateau-disenbourg-colmar\/?page_id=633"},"modified":"2023-01-16T14:10:13","modified_gmt":"2023-01-16T13:10:13","slug":"murder-party","status":"publish","type":"page","link":"https:\/\/demo.seminaire-prestige.fr\/chateau-disenbourg-colmar\/activites\/murder-party\/","title":{"rendered":"Murder Party"},"content":{"rendered":"<p><div class=\"fusion-fullwidth fullwidth-box fusion-builder-row-1 fusion-flex-container nonhundred-percent-fullwidth non-hundred-percent-height-scrolling\" style=\"--awb-border-radius-top-left:0px;--awb-border-radius-top-right:0px;--awb-border-radius-bottom-right:0px;--awb-border-radius-bottom-left:0px;--awb-padding-top:60px;--awb-padding-bottom:-20px;--awb-background-color:rgba(255,255,255,0);\" ><div class=\"fusion-builder-row fusion-row fusion-flex-align-items-flex-start\" style=\"max-width:1144px;margin-left: calc(-4% \/ 2 );margin-right: calc(-4% \/ 2 );\"><div class=\"fusion-layout-column fusion_builder_column fusion-builder-column-0 fusion_builder_column_1_1 1_1 fusion-flex-column fusion-animated\" style=\"--awb-bg-size:cover;--awb-width-large:100%;--awb-margin-top-large:-50px;--awb-spacing-right-large:1.92%;--awb-margin-bottom-large:10px;--awb-spacing-left-large:1.92%;--awb-width-medium:100%;--awb-spacing-right-medium:1.92%;--awb-spacing-left-medium:1.92%;--awb-width-small:100%;--awb-spacing-right-small:1.92%;--awb-spacing-left-small:1.92%;\" data-animationType=\"fadeInLeft\" data-animationDuration=\"0.6\" data-animationOffset=\"top-into-view\"><div class=\"fusion-column-wrapper fusion-column-has-shadow fusion-flex-justify-content-flex-start fusion-content-layout-column\"><div class=\"fusion-title title fusion-title-1 fusion-title-text fusion-title-size-two\" style=\"--awb-text-color:#005b96;\"><div class=\"title-sep-container title-sep-container-left fusion-no-large-visibility fusion-no-medium-visibility fusion-no-small-visibility\"><div class=\"title-sep sep-single sep-solid\" style=\"border-color:#e0dede;\"><\/div><\/div><span class=\"awb-title-spacer fusion-no-large-visibility fusion-no-medium-visibility fusion-no-small-visibility\"><\/span><h2 class=\"title-heading-left fusion-responsive-typography-calculated\" style=\"margin:0;--fontSize:26;line-height:1.69;\">Ch\u00e2teau d&rsquo;Isenbourg \u2013 Activit\u00e9s<\/h2><span class=\"awb-title-spacer\"><\/span><div class=\"title-sep-container title-sep-container-right\"><div class=\"title-sep sep-single sep-solid\" style=\"border-color:#e0dede;\"><\/div><\/div><\/div><div class=\"fusion-title title fusion-title-2 fusion-title-text fusion-title-size-one\"><div class=\"title-sep-container title-sep-container-left fusion-no-large-visibility fusion-no-medium-visibility fusion-no-small-visibility\"><div class=\"title-sep sep-single sep-solid\" style=\"border-color:#e0dede;\"><\/div><\/div><span class=\"awb-title-spacer fusion-no-large-visibility fusion-no-medium-visibility fusion-no-small-visibility\"><\/span><h1 class=\"title-heading-left fusion-responsive-typography-calculated\" style=\"margin:0;--fontSize:46;line-height:1.10;\"><p style=\"text-align: center\"><span style=\"font-size: 18pt\">Murder Party<br \/>\n<\/span><\/p><\/h1><span class=\"awb-title-spacer\"><\/span><div class=\"title-sep-container title-sep-container-right\"><div class=\"title-sep sep-single sep-solid\" style=\"border-color:#e0dede;\"><\/div><\/div><\/div><\/div><\/div><div class=\"fusion-layout-column fusion_builder_column fusion-builder-column-1 fusion_builder_column_1_2 1_2 fusion-flex-column\" style=\"--awb-overflow:hidden;--awb-bg-size:cover;--awb-border-color:#005b96;--awb-border-top:3px;--awb-border-style:solid;--awb-border-radius:25px 25px 25px 25px;--awb-width-large:50%;--awb-margin-top-large:0px;--awb-spacing-right-large:3.84%;--awb-margin-bottom-large:0px;--awb-spacing-left-large:3.84%;--awb-width-medium:100%;--awb-spacing-right-medium:1.92%;--awb-spacing-left-medium:1.92%;--awb-width-small:100%;--awb-spacing-right-small:1.92%;--awb-spacing-left-small:1.92%;\"><div class=\"fusion-column-wrapper fusion-column-has-shadow fusion-flex-justify-content-flex-start fusion-content-layout-column\"><div class=\"awb-gallery-wrapper awb-gallery-wrapper-1 button-span-no\"><div style=\"margin:-5px;--awb-bordersize:0px;\" class=\"fusion-gallery fusion-gallery-container fusion-grid-1 fusion-columns-total-3 fusion-gallery-layout-grid fusion-gallery-1\"><div style=\"padding:5px;\" class=\"fusion-grid-column fusion-gallery-column fusion-gallery-column-1 hover-type-none\"><div class=\"fusion-gallery-image\"><a href=\"https:\/\/demo.seminaire-prestige.fr\/chateau-disenbourg-colmar\/wp-content\/uploads\/sites\/7\/2023\/01\/murder_party3.jpg\" rel=\"noreferrer\" data-rel=\"iLightbox[gallery_image_1]\" class=\"fusion-lightbox\" target=\"_self\"><img decoding=\"async\" src=\"https:\/\/demo.seminaire-prestige.fr\/chateau-disenbourg-colmar\/wp-content\/uploads\/sites\/7\/2023\/01\/murder_party3.jpg\" width=\"1200\" height=\"650\" alt=\"\" title=\"\" aria-label=\"\" class=\"img-responsive wp-image-642\" srcset=\"https:\/\/demo.seminaire-prestige.fr\/chateau-disenbourg-colmar\/wp-content\/uploads\/sites\/7\/2023\/01\/murder_party3-200x108.jpg 200w, https:\/\/demo.seminaire-prestige.fr\/chateau-disenbourg-colmar\/wp-content\/uploads\/sites\/7\/2023\/01\/murder_party3-400x217.jpg 400w, https:\/\/demo.seminaire-prestige.fr\/chateau-disenbourg-colmar\/wp-content\/uploads\/sites\/7\/2023\/01\/murder_party3-600x325.jpg 600w, https:\/\/demo.seminaire-prestige.fr\/chateau-disenbourg-colmar\/wp-content\/uploads\/sites\/7\/2023\/01\/murder_party3-800x433.jpg 800w, https:\/\/demo.seminaire-prestige.fr\/chateau-disenbourg-colmar\/wp-content\/uploads\/sites\/7\/2023\/01\/murder_party3.jpg 1200w\" sizes=\"(min-width: 2200px) 100vw, (min-width: 640px) 1100px, \" \/><\/a><\/div><\/div><div class=\"clearfix\"><\/div><div style=\"padding:5px;\" class=\"fusion-grid-column fusion-gallery-column fusion-gallery-column-1 hover-type-none\"><div class=\"fusion-gallery-image\"><a href=\"https:\/\/demo.seminaire-prestige.fr\/chateau-disenbourg-colmar\/wp-content\/uploads\/sites\/7\/2023\/01\/murder_party2.jpg\" rel=\"noreferrer\" data-rel=\"iLightbox[gallery_image_1]\" class=\"fusion-lightbox\" target=\"_self\"><img decoding=\"async\" src=\"https:\/\/demo.seminaire-prestige.fr\/chateau-disenbourg-colmar\/wp-content\/uploads\/sites\/7\/2023\/01\/murder_party2.jpg\" width=\"1200\" height=\"650\" alt=\"\" title=\"SAMSUNG CSC\" aria-label=\"SAMSUNG CSC\" class=\"img-responsive wp-image-640\" srcset=\"https:\/\/demo.seminaire-prestige.fr\/chateau-disenbourg-colmar\/wp-content\/uploads\/sites\/7\/2023\/01\/murder_party2-200x108.jpg 200w, https:\/\/demo.seminaire-prestige.fr\/chateau-disenbourg-colmar\/wp-content\/uploads\/sites\/7\/2023\/01\/murder_party2-400x217.jpg 400w, https:\/\/demo.seminaire-prestige.fr\/chateau-disenbourg-colmar\/wp-content\/uploads\/sites\/7\/2023\/01\/murder_party2-600x325.jpg 600w, https:\/\/demo.seminaire-prestige.fr\/chateau-disenbourg-colmar\/wp-content\/uploads\/sites\/7\/2023\/01\/murder_party2-800x433.jpg 800w, https:\/\/demo.seminaire-prestige.fr\/chateau-disenbourg-colmar\/wp-content\/uploads\/sites\/7\/2023\/01\/murder_party2.jpg 1200w\" sizes=\"(min-width: 2200px) 100vw, (min-width: 640px) 1100px, \" \/><\/a><\/div><\/div><div class=\"clearfix\"><\/div><div style=\"padding:5px;\" class=\"fusion-grid-column fusion-gallery-column fusion-gallery-column-1 hover-type-none\"><div class=\"fusion-gallery-image\"><a href=\"https:\/\/demo.seminaire-prestige.fr\/chateau-disenbourg-colmar\/wp-content\/uploads\/sites\/7\/2023\/01\/murder_party1.jpg\" rel=\"noreferrer\" data-rel=\"iLightbox[gallery_image_1]\" class=\"fusion-lightbox\" target=\"_self\"><img decoding=\"async\" src=\"https:\/\/demo.seminaire-prestige.fr\/chateau-disenbourg-colmar\/wp-content\/uploads\/sites\/7\/2023\/01\/murder_party1.jpg\" width=\"1200\" height=\"650\" alt=\"\" title=\"\" aria-label=\"\" class=\"img-responsive wp-image-639\" srcset=\"https:\/\/demo.seminaire-prestige.fr\/chateau-disenbourg-colmar\/wp-content\/uploads\/sites\/7\/2023\/01\/murder_party1-200x108.jpg 200w, https:\/\/demo.seminaire-prestige.fr\/chateau-disenbourg-colmar\/wp-content\/uploads\/sites\/7\/2023\/01\/murder_party1-400x217.jpg 400w, https:\/\/demo.seminaire-prestige.fr\/chateau-disenbourg-colmar\/wp-content\/uploads\/sites\/7\/2023\/01\/murder_party1-600x325.jpg 600w, https:\/\/demo.seminaire-prestige.fr\/chateau-disenbourg-colmar\/wp-content\/uploads\/sites\/7\/2023\/01\/murder_party1-800x433.jpg 800w, https:\/\/demo.seminaire-prestige.fr\/chateau-disenbourg-colmar\/wp-content\/uploads\/sites\/7\/2023\/01\/murder_party1.jpg 1200w\" sizes=\"(min-width: 2200px) 100vw, (min-width: 640px) 1100px, \" \/><\/a><\/div><\/div><div class=\"clearfix\"><\/div><\/div><\/div><\/div><\/div><div class=\"fusion-layout-column fusion_builder_column fusion-builder-column-2 fusion_builder_column_1_2 1_2 fusion-flex-column\" style=\"--awb-bg-size:cover;--awb-width-large:50%;--awb-margin-top-large:30px;--awb-spacing-right-large:3.84%;--awb-margin-bottom-large:10px;--awb-spacing-left-large:3.84%;--awb-width-medium:100%;--awb-spacing-right-medium:1.92%;--awb-spacing-left-medium:1.92%;--awb-width-small:100%;--awb-spacing-right-small:1.92%;--awb-spacing-left-small:1.92%;\"><div class=\"fusion-column-wrapper fusion-column-has-shadow fusion-flex-justify-content-flex-start fusion-content-layout-column\"><div class=\"fusion-title title fusion-title-3 fusion-sep-none fusion-title-center fusion-title-text fusion-title-size-two\" style=\"--awb-text-color:#005b96;--awb-margin-top:-30px;--awb-margin-top-small:-20px;\"><h2 class=\"title-heading-center fusion-responsive-typography-calculated\" style=\"margin:0;--fontSize:26;line-height:1.69;\">Murder &amp; Mistery &#8211; Republic of wineland<\/h2><\/div><div class=\"fusion-text fusion-text-1\"><p>Jeux th\u00e9\u00e2tralis\u00e9s, live game outdoor, animations sc\u00e9naris\u00e9es,\u00a0 intrigues \u00e9nigmatiques : des aventures \u00ab\u00a0grandeur nature\u00a0\u00bb et de folles enqu\u00eates propos\u00e9s par notre partenaire \u00ab\u00a0the Republic of Wineland\u00a0\u00bb<\/p>\n<\/div><div class=\"fusion-text fusion-text-2\"><p><strong>D\u00e9couvrez l&rsquo;aventurier qui est en vous !<\/strong><br \/>\nUne immersion dans le temps et l&rsquo;histoire pour un jeu th\u00e9matique et mis en sc\u00e8ne.<\/p>\n<p>Une exp\u00e9rience d&rsquo;\u00e9quipe et un challenge unique o\u00f9 r\u00e9flexion, coh\u00e9sion, observation sont autant de cl\u00e9s pour sortir victorieux.<\/p>\n<p>Un sc\u00e9nario participatif, un timing pr\u00e9-d\u00e9fini, des espaces \u00e0 explorer, des \u00e9nigmes \u00e0 r\u00e9soudre&#8230;<br \/>\nMurder &amp; Mistery s&rsquo;adapte \u00e0 tous lieux, saisons, niveaux ou configurations pour le plaisir de tous<\/p>\n<\/div><div class=\"fusion-text fusion-text-3\"><p><strong>Exemple d&rsquo;un sc\u00e9nario : Qui a tu\u00e9 Edouard Gronn ?<br \/>\n<\/strong><\/p>\n<p>Un nouveau jeu d&rsquo;aventure digne d&rsquo;un Clu\u00e9do G\u00e9ant.<br \/>\nMenez une enqu\u00eate polici\u00e8re pour retrouver le coupable<br \/>\n<a href=\"https:\/\/republic-of-wineland.com\/mais-qui-a-tue-edouard-gronn\" target=\"_blank\" rel=\"noopener\">Voir une vid\u00e9o de pr\u00e9sentation<\/a><\/p>\n<\/div><\/div><\/div><\/div><\/div><div class=\"fusion-fullwidth fullwidth-box fusion-builder-row-2 fusion-flex-container nonhundred-percent-fullwidth non-hundred-percent-height-scrolling\" style=\"--awb-border-radius-top-left:0px;--awb-border-radius-top-right:0px;--awb-border-radius-bottom-right:0px;--awb-border-radius-bottom-left:0px;--awb-padding-top:60px;--awb-padding-bottom:-20px;--awb-background-color:rgba(255,255,255,0);\" ><div class=\"fusion-builder-row fusion-row fusion-flex-align-items-flex-start\" style=\"max-width:calc( 1100px + 0px );margin-left: calc(-0px \/ 2 );margin-right: calc(-0px \/ 2 );\"><div class=\"fusion-layout-column fusion_builder_column fusion-builder-column-3 fusion_builder_column_1_1 1_1 fusion-flex-column fusion-animated\" style=\"--awb-bg-size:cover;--awb-width-large:100%;--awb-margin-top-large:-50px;--awb-spacing-right-large:0px;--awb-margin-bottom-large:10px;--awb-spacing-left-large:0px;--awb-width-medium:100%;--awb-spacing-right-medium:0px;--awb-spacing-left-medium:0px;--awb-width-small:100%;--awb-spacing-right-small:0px;--awb-spacing-left-small:0px;\" data-animationType=\"fadeInLeft\" data-animationDuration=\"0.6\" data-animationOffset=\"top-into-view\"><div class=\"fusion-column-wrapper fusion-column-has-shadow fusion-flex-justify-content-flex-start fusion-content-layout-column\"><\/div><\/div><\/div><\/div><\/p>\n","protected":false},"excerpt":{"rendered":"","protected":false},"author":2,"featured_media":0,"parent":126,"menu_order":0,"comment_status":"closed","ping_status":"closed","template":"","meta":[],"yoast_head":"<!-- This site is optimized with the Yoast SEO plugin v20.0 - https:\/\/yoast.com\/wordpress\/plugins\/seo\/ -->\n<title>Animation hotel s\u00e9minaire Alsace : Murder Party \u00e0 Isenbourg<\/title>\n<meta name=\"description\" content=\"Animer votre s\u00e9minaire au Chateau d&#039;Isenbourg avec une Murder Party. Encore plus r\u00e9el dans un ch\u00e2teau. Incentive en Alsace\" \/>\n<meta name=\"robots\" content=\"index, follow, max-snippet:-1, max-image-preview:large, max-video-preview:-1\" \/>\n<link rel=\"canonical\" href=\"https:\/\/demo.seminaire-prestige.fr\/chateau-disenbourg-colmar\/activites\/murder-party\/\" \/>\n<meta property=\"og:locale\" content=\"fr_FR\" \/>\n<meta property=\"og:type\" content=\"article\" \/>\n<meta property=\"og:title\" content=\"Animation hotel s\u00e9minaire Alsace : Murder Party \u00e0 Isenbourg\" \/>\n<meta property=\"og:description\" content=\"Animer votre s\u00e9minaire au Chateau d&#039;Isenbourg avec une Murder Party. Encore plus r\u00e9el dans un ch\u00e2teau. Incentive en Alsace\" \/>\n<meta property=\"og:url\" content=\"https:\/\/demo.seminaire-prestige.fr\/chateau-disenbourg-colmar\/activites\/murder-party\/\" \/>\n<meta property=\"og:site_name\" content=\"Ch\u00e2teau d&#039;Isenbourg\" \/>\n<meta property=\"article:modified_time\" content=\"2023-01-16T13:10:13+00:00\" \/>\n<meta property=\"og:image\" content=\"https:\/\/demo.seminaire-prestige.fr\/chateau-disenbourg-colmar\/wp-content\/uploads\/sites\/7\/2019\/09\/chateau-disenbourg-seminaire-colmar-11.jpg\" \/>\n\t<meta property=\"og:image:width\" content=\"1996\" \/>\n\t<meta property=\"og:image:height\" content=\"1083\" \/>\n\t<meta property=\"og:image:type\" content=\"image\/jpeg\" \/>\n<meta name=\"twitter:card\" content=\"summary_large_image\" \/>\n<meta name=\"twitter:label1\" content=\"Dur\u00e9e de lecture estim\u00e9e\" \/>\n\t<meta name=\"twitter:data1\" content=\"9 minutes\" \/>\n<script type=\"application\/ld+json\" class=\"yoast-schema-graph\">{\"@context\":\"https:\/\/schema.org\",\"@graph\":[{\"@type\":\"WebPage\",\"@id\":\"https:\/\/demo.seminaire-prestige.fr\/chateau-disenbourg-colmar\/activites\/murder-party\/\",\"url\":\"https:\/\/demo.seminaire-prestige.fr\/chateau-disenbourg-colmar\/activites\/murder-party\/\",\"name\":\"Animation hotel s\u00e9minaire Alsace : Murder Party \u00e0 Isenbourg\",\"isPartOf\":{\"@id\":\"https:\/\/demo.seminaire-prestige.fr\/chateau-disenbourg-colmar\/#website\"},\"datePublished\":\"2023-01-16T12:43:12+00:00\",\"dateModified\":\"2023-01-16T13:10:13+00:00\",\"description\":\"Animer votre s\u00e9minaire au Chateau d'Isenbourg avec une Murder Party. Encore plus r\u00e9el dans un ch\u00e2teau. Incentive en Alsace\",\"breadcrumb\":{\"@id\":\"https:\/\/demo.seminaire-prestige.fr\/chateau-disenbourg-colmar\/activites\/murder-party\/#breadcrumb\"},\"inLanguage\":\"fr-FR\",\"potentialAction\":[{\"@type\":\"ReadAction\",\"target\":[\"https:\/\/demo.seminaire-prestige.fr\/chateau-disenbourg-colmar\/activites\/murder-party\/\"]}]},{\"@type\":\"BreadcrumbList\",\"@id\":\"https:\/\/demo.seminaire-prestige.fr\/chateau-disenbourg-colmar\/activites\/murder-party\/#breadcrumb\",\"itemListElement\":[{\"@type\":\"ListItem\",\"position\":1,\"name\":\"Home\",\"item\":\"https:\/\/demo.seminaire-prestige.fr\/chateau-disenbourg-colmar\/\"},{\"@type\":\"ListItem\",\"position\":2,\"name\":\"Activit\u00e9s\",\"item\":\"https:\/\/demo.seminaire-prestige.fr\/chateau-disenbourg-colmar\/activites\/\"},{\"@type\":\"ListItem\",\"position\":3,\"name\":\"Murder Party\"}]},{\"@type\":\"WebSite\",\"@id\":\"https:\/\/demo.seminaire-prestige.fr\/chateau-disenbourg-colmar\/#website\",\"url\":\"https:\/\/demo.seminaire-prestige.fr\/chateau-disenbourg-colmar\/\",\"name\":\"Ch\u00e2teau d&#039;Isenbourg\",\"description\":\"\",\"potentialAction\":[{\"@type\":\"SearchAction\",\"target\":{\"@type\":\"EntryPoint\",\"urlTemplate\":\"https:\/\/demo.seminaire-prestige.fr\/chateau-disenbourg-colmar\/?s={search_term_string}\"},\"query-input\":\"required name=search_term_string\"}],\"inLanguage\":\"fr-FR\"}]}<\/script>\n<!-- \/ Yoast SEO plugin. -->","yoast_head_json":{"title":"Animation hotel s\u00e9minaire Alsace : Murder Party \u00e0 Isenbourg","description":"Animer votre s\u00e9minaire au Chateau d'Isenbourg avec une Murder Party. Encore plus r\u00e9el dans un ch\u00e2teau. Incentive en Alsace","robots":{"index":"index","follow":"follow","max-snippet":"max-snippet:-1","max-image-preview":"max-image-preview:large","max-video-preview":"max-video-preview:-1"},"canonical":"https:\/\/demo.seminaire-prestige.fr\/chateau-disenbourg-colmar\/activites\/murder-party\/","og_locale":"fr_FR","og_type":"article","og_title":"Animation hotel s\u00e9minaire Alsace : Murder Party \u00e0 Isenbourg","og_description":"Animer votre s\u00e9minaire au Chateau d'Isenbourg avec une Murder Party. Encore plus r\u00e9el dans un ch\u00e2teau. Incentive en Alsace","og_url":"https:\/\/demo.seminaire-prestige.fr\/chateau-disenbourg-colmar\/activites\/murder-party\/","og_site_name":"Ch\u00e2teau d&#039;Isenbourg","article_modified_time":"2023-01-16T13:10:13+00:00","og_image":[{"width":1996,"height":1083,"url":"https:\/\/demo.seminaire-prestige.fr\/chateau-disenbourg-colmar\/wp-content\/uploads\/sites\/7\/2019\/09\/chateau-disenbourg-seminaire-colmar-11.jpg","type":"image\/jpeg"}],"twitter_card":"summary_large_image","twitter_misc":{"Dur\u00e9e de lecture estim\u00e9e":"9 minutes"},"schema":{"@context":"https:\/\/schema.org","@graph":[{"@type":"WebPage","@id":"https:\/\/demo.seminaire-prestige.fr\/chateau-disenbourg-colmar\/activites\/murder-party\/","url":"https:\/\/demo.seminaire-prestige.fr\/chateau-disenbourg-colmar\/activites\/murder-party\/","name":"Animation hotel s\u00e9minaire Alsace : Murder Party \u00e0 Isenbourg","isPartOf":{"@id":"https:\/\/demo.seminaire-prestige.fr\/chateau-disenbourg-colmar\/#website"},"datePublished":"2023-01-16T12:43:12+00:00","dateModified":"2023-01-16T13:10:13+00:00","description":"Animer votre s\u00e9minaire au Chateau d'Isenbourg avec une Murder Party. Encore plus r\u00e9el dans un ch\u00e2teau. Incentive en Alsace","breadcrumb":{"@id":"https:\/\/demo.seminaire-prestige.fr\/chateau-disenbourg-colmar\/activites\/murder-party\/#breadcrumb"},"inLanguage":"fr-FR","potentialAction":[{"@type":"ReadAction","target":["https:\/\/demo.seminaire-prestige.fr\/chateau-disenbourg-colmar\/activites\/murder-party\/"]}]},{"@type":"BreadcrumbList","@id":"https:\/\/demo.seminaire-prestige.fr\/chateau-disenbourg-colmar\/activites\/murder-party\/#breadcrumb","itemListElement":[{"@type":"ListItem","position":1,"name":"Home","item":"https:\/\/demo.seminaire-prestige.fr\/chateau-disenbourg-colmar\/"},{"@type":"ListItem","position":2,"name":"Activit\u00e9s","item":"https:\/\/demo.seminaire-prestige.fr\/chateau-disenbourg-colmar\/activites\/"},{"@type":"ListItem","position":3,"name":"Murder Party"}]},{"@type":"WebSite","@id":"https:\/\/demo.seminaire-prestige.fr\/chateau-disenbourg-colmar\/#website","url":"https:\/\/demo.seminaire-prestige.fr\/chateau-disenbourg-colmar\/","name":"Ch\u00e2teau d&#039;Isenbourg","description":"","potentialAction":[{"@type":"SearchAction","target":{"@type":"EntryPoint","urlTemplate":"https:\/\/demo.seminaire-prestige.fr\/chateau-disenbourg-colmar\/?s={search_term_string}"},"query-input":"required name=search_term_string"}],"inLanguage":"fr-FR"}]}},"_links":{"self":[{"href":"https:\/\/demo.seminaire-prestige.fr\/chateau-disenbourg-colmar\/wp-json\/wp\/v2\/pages\/633"}],"collection":[{"href":"https:\/\/demo.seminaire-prestige.fr\/chateau-disenbourg-colmar\/wp-json\/wp\/v2\/pages"}],"about":[{"href":"https:\/\/demo.seminaire-prestige.fr\/chateau-disenbourg-colmar\/wp-json\/wp\/v2\/types\/page"}],"author":[{"embeddable":true,"href":"https:\/\/demo.seminaire-prestige.fr\/chateau-disenbourg-colmar\/wp-json\/wp\/v2\/users\/2"}],"replies":[{"embeddable":true,"href":"https:\/\/demo.seminaire-prestige.fr\/chateau-disenbourg-colmar\/wp-json\/wp\/v2\/comments?post=633"}],"version-history":[{"count":12,"href":"https:\/\/demo.seminaire-prestige.fr\/chateau-disenbourg-colmar\/wp-json\/wp\/v2\/pages\/633\/revisions"}],"predecessor-version":[{"id":650,"href":"https:\/\/demo.seminaire-prestige.fr\/chateau-disenbourg-colmar\/wp-json\/wp\/v2\/pages\/633\/revisions\/650"}],"up":[{"embeddable":true,"href":"https:\/\/demo.seminaire-prestige.fr\/chateau-disenbourg-colmar\/wp-json\/wp\/v2\/pages\/126"}],"wp:attachment":[{"href":"https:\/\/demo.seminaire-prestige.fr\/chateau-disenbourg-colmar\/wp-json\/wp\/v2\/media?parent=633"}],"curies":[{"name":"wp","href":"https:\/\/api.w.org\/{rel}","templated":true}]}}