{"id":580,"date":"2021-10-06T09:46:16","date_gmt":"2021-10-06T07:46:16","guid":{"rendered":"https:\/\/seminaire-prestige.fr\/chateau-disenbourg-colmar\/?page_id=580"},"modified":"2021-10-06T09:46:16","modified_gmt":"2021-10-06T07:46:16","slug":"magie","status":"publish","type":"page","link":"https:\/\/demo.seminaire-prestige.fr\/chateau-disenbourg-colmar\/activites\/magie\/","title":{"rendered":"Actualit\u00e9s"},"content":{"rendered":"<p><div class=\"fusion-fullwidth fullwidth-box fusion-builder-row-1 fusion-flex-container nonhundred-percent-fullwidth non-hundred-percent-height-scrolling\" style=\"--awb-border-radius-top-left:0px;--awb-border-radius-top-right:0px;--awb-border-radius-bottom-right:0px;--awb-border-radius-bottom-left:0px;--awb-padding-top:60px;--awb-padding-bottom:-20px;--awb-background-color:rgba(255,255,255,0);\" ><div class=\"fusion-builder-row fusion-row fusion-flex-align-items-flex-start\" style=\"max-width:1144px;margin-left: calc(-4% \/ 2 );margin-right: calc(-4% \/ 2 );\"><div class=\"fusion-layout-column fusion_builder_column fusion-builder-column-0 fusion_builder_column_1_1 1_1 fusion-flex-column fusion-animated\" style=\"--awb-bg-size:cover;--awb-width-large:100%;--awb-margin-top-large:-50px;--awb-spacing-right-large:1.92%;--awb-margin-bottom-large:10px;--awb-spacing-left-large:1.92%;--awb-width-medium:100%;--awb-spacing-right-medium:1.92%;--awb-spacing-left-medium:1.92%;--awb-width-small:100%;--awb-spacing-right-small:1.92%;--awb-spacing-left-small:1.92%;\" data-animationType=\"fadeInLeft\" data-animationDuration=\"0.6\" data-animationOffset=\"top-into-view\"><div class=\"fusion-column-wrapper fusion-column-has-shadow fusion-flex-justify-content-flex-start fusion-content-layout-column\"><div class=\"fusion-title title fusion-title-1 fusion-title-text fusion-title-size-two\" style=\"--awb-text-color:#005b96;\"><div class=\"title-sep-container title-sep-container-left fusion-no-large-visibility fusion-no-medium-visibility fusion-no-small-visibility\"><div class=\"title-sep sep-single sep-solid\" style=\"border-color:#e0dede;\"><\/div><\/div><span class=\"awb-title-spacer fusion-no-large-visibility fusion-no-medium-visibility fusion-no-small-visibility\"><\/span><h2 class=\"title-heading-left fusion-responsive-typography-calculated\" style=\"margin:0;--fontSize:26;line-height:1.69;\">Ch\u00e2teau d&rsquo;Isenbourg \u2013 Actualit\u00e9s<\/h2><span class=\"awb-title-spacer\"><\/span><div class=\"title-sep-container title-sep-container-right\"><div class=\"title-sep sep-single sep-solid\" style=\"border-color:#e0dede;\"><\/div><\/div><\/div><div class=\"fusion-title title fusion-title-2 fusion-title-text fusion-title-size-one\"><div class=\"title-sep-container title-sep-container-left fusion-no-large-visibility fusion-no-medium-visibility fusion-no-small-visibility\"><div class=\"title-sep sep-single sep-solid\" style=\"border-color:#e0dede;\"><\/div><\/div><span class=\"awb-title-spacer fusion-no-large-visibility fusion-no-medium-visibility fusion-no-small-visibility\"><\/span><h1 class=\"title-heading-left fusion-responsive-typography-calculated\" style=\"margin:0;--fontSize:46;line-height:1.10;\"><p style=\"text-align: center\"><span style=\"font-size: 18pt\">Close-up magie<\/span><\/p><\/h1><span class=\"awb-title-spacer\"><\/span><div class=\"title-sep-container title-sep-container-right\"><div class=\"title-sep sep-single sep-solid\" style=\"border-color:#e0dede;\"><\/div><\/div><\/div><\/div><\/div><div class=\"fusion-layout-column fusion_builder_column fusion-builder-column-1 fusion_builder_column_1_2 1_2 fusion-flex-column\" style=\"--awb-overflow:hidden;--awb-bg-size:cover;--awb-border-color:#005b96;--awb-border-top:3px;--awb-border-style:solid;--awb-border-radius:25px 25px 25px 25px;--awb-width-large:50%;--awb-margin-top-large:0px;--awb-spacing-right-large:3.84%;--awb-margin-bottom-large:0px;--awb-spacing-left-large:3.84%;--awb-width-medium:100%;--awb-spacing-right-medium:1.92%;--awb-spacing-left-medium:1.92%;--awb-width-small:100%;--awb-spacing-right-small:1.92%;--awb-spacing-left-small:1.92%;\"><div class=\"fusion-column-wrapper fusion-column-has-shadow fusion-flex-justify-content-flex-start fusion-content-layout-column\"><div class=\"fusion-image-element \" style=\"--awb-caption-title-size:var(--h2_typography-font-size);--awb-caption-title-transform:var(--h2_typography-text-transform);--awb-caption-title-line-height:var(--h2_typography-line-height);--awb-caption-title-letter-spacing:var(--h2_typography-letter-spacing);\"><span class=\" fusion-imageframe imageframe-none imageframe-1 hover-type-none\"><img decoding=\"async\" width=\"800\" height=\"1122\" title=\"IMG_4246\" src=\"https:\/\/demo.seminaire-prestige.fr\/chateau-disenbourg-colmar\/wp-content\/uploads\/sites\/7\/2021\/10\/IMG_4246-800x1122.jpg\" alt class=\"img-responsive wp-image-582\" srcset=\"https:\/\/demo.seminaire-prestige.fr\/chateau-disenbourg-colmar\/wp-content\/uploads\/sites\/7\/2021\/10\/IMG_4246-200x281.jpg 200w, https:\/\/demo.seminaire-prestige.fr\/chateau-disenbourg-colmar\/wp-content\/uploads\/sites\/7\/2021\/10\/IMG_4246-400x561.jpg 400w, https:\/\/demo.seminaire-prestige.fr\/chateau-disenbourg-colmar\/wp-content\/uploads\/sites\/7\/2021\/10\/IMG_4246-600x842.jpg 600w, https:\/\/demo.seminaire-prestige.fr\/chateau-disenbourg-colmar\/wp-content\/uploads\/sites\/7\/2021\/10\/IMG_4246-800x1122.jpg 800w, https:\/\/demo.seminaire-prestige.fr\/chateau-disenbourg-colmar\/wp-content\/uploads\/sites\/7\/2021\/10\/IMG_4246-1200x1683.jpg 1200w, https:\/\/demo.seminaire-prestige.fr\/chateau-disenbourg-colmar\/wp-content\/uploads\/sites\/7\/2021\/10\/IMG_4246.jpg 1460w\" sizes=\"(max-width: 1024px) 100vw, (max-width: 640px) 100vw, 600px\" \/><\/span><\/div><\/div><\/div><div class=\"fusion-layout-column fusion_builder_column fusion-builder-column-2 fusion_builder_column_1_2 1_2 fusion-flex-column\" style=\"--awb-bg-size:cover;--awb-width-large:50%;--awb-margin-top-large:30px;--awb-spacing-right-large:3.84%;--awb-margin-bottom-large:10px;--awb-spacing-left-large:3.84%;--awb-width-medium:100%;--awb-spacing-right-medium:1.92%;--awb-spacing-left-medium:1.92%;--awb-width-small:100%;--awb-spacing-right-small:1.92%;--awb-spacing-left-small:1.92%;\"><div class=\"fusion-column-wrapper fusion-column-has-shadow fusion-flex-justify-content-flex-start fusion-content-layout-column\"><div class=\"fusion-title title fusion-title-3 fusion-sep-none fusion-title-center fusion-title-text fusion-title-size-two\" style=\"--awb-text-color:#005b96;--awb-margin-top:-30px;--awb-margin-top-small:-20px;\"><h2 class=\"title-heading-center fusion-responsive-typography-calculated\" style=\"margin:0;--fontSize:26;line-height:1.69;\">Close-up &#8211; magie avec Eric Borner<\/h2><\/div><div class=\"fusion-text fusion-text-1\"><p>Spectacle intimiste au cours duquel \u00c9ric Borner ex\u00e9cute ses tours \u00e0 quelques centim\u00e8tres de vous et de vos h\u00f4tes. <br \/>Eric vous propose une succession de tours visuels dans un spectacle original qui se d\u00e9place de table en table. Un surprenant m\u00e9lange de magie impromptue, de t\u00e9l\u00e9kin\u00e9sie, d\u2019hypnose et de pickpocket, qui ne cessera jamais de vous \u00e9tonner et de vous enchanter. <br \/>Une pr\u00e9sentation distingu\u00e9e pour des num\u00e9ros totalement in\u00e9dits et personnalisables, dont la dur\u00e9e est enti\u00e8rement ajustable selon vos besoins et vos envies.<\/p>\n<\/div><div class=\"fusion-text fusion-text-2\"><p>Pour animer votre soir\u00e9e et la rendre encore plus inoubliable, nous vous sugg\u00e9rons de l\u2019agr\u00e9menter avec l\u2019animation close up magie d\u2019Eric Borner.<br \/>Ce v\u00e9ritable artiste \u00e0 la renomm\u00e9e internationale, fut d\u00e9couvert \u00e0 Graines de Stars sur \u00ab\u00a0M6\u00a0\u00bb, finaliste de la \u00ab\u00a0France \u00e0 un Incroyable Talent\u00a0\u00bb, coup de c\u0153ur du Plus Grand Cabaret du Monde pr\u00e9sent\u00e9 par Patrick S\u00e9bastien\u2026<br \/>Le succ\u00e8s de votre soir\u00e9e est assur\u00e9 avec ce performer et v\u00e9ritable showman qui saura partager avec vos collaborateurs sa passion pour l\u2019art de l\u2019illusion.<\/p>\n<\/div><\/div><\/div><\/div><\/div><div class=\"fusion-fullwidth fullwidth-box fusion-builder-row-2 fusion-flex-container nonhundred-percent-fullwidth non-hundred-percent-height-scrolling\" style=\"--awb-border-radius-top-left:0px;--awb-border-radius-top-right:0px;--awb-border-radius-bottom-right:0px;--awb-border-radius-bottom-left:0px;--awb-padding-top:60px;--awb-padding-bottom:-20px;--awb-background-color:rgba(255,255,255,0);\" ><div class=\"fusion-builder-row fusion-row fusion-flex-align-items-flex-start\" style=\"max-width:calc( 1100px + 0px );margin-left: calc(-0px \/ 2 );margin-right: calc(-0px \/ 2 );\"><div class=\"fusion-layout-column fusion_builder_column fusion-builder-column-3 fusion_builder_column_1_1 1_1 fusion-flex-column fusion-animated\" style=\"--awb-bg-size:cover;--awb-width-large:100%;--awb-margin-top-large:-50px;--awb-spacing-right-large:0px;--awb-margin-bottom-large:10px;--awb-spacing-left-large:0px;--awb-width-medium:100%;--awb-spacing-right-medium:0px;--awb-spacing-left-medium:0px;--awb-width-small:100%;--awb-spacing-right-small:0px;--awb-spacing-left-small:0px;\" data-animationType=\"fadeInLeft\" data-animationDuration=\"0.6\" data-animationOffset=\"top-into-view\"><div class=\"fusion-column-wrapper fusion-column-has-shadow fusion-flex-justify-content-flex-start fusion-content-layout-column\"><\/div><\/div><\/div><\/div><\/p>\n","protected":false},"excerpt":{"rendered":"","protected":false},"author":2,"featured_media":0,"parent":126,"menu_order":0,"comment_status":"closed","ping_status":"closed","template":"","meta":[],"yoast_head":"<!-- This site is optimized with the Yoast SEO plugin v20.0 - https:\/\/yoast.com\/wordpress\/plugins\/seo\/ -->\n<title>Chateau d&#039;Isenbourg en Alsace animation magie pour vos soir\u00e9es<\/title>\n<meta name=\"description\" content=\"Animer votre soir\u00e9e de fin d&#039;ann\u00e9e, votre s\u00e9minaire au Chateau d&#039;Isenbourg avec un spectacle de magie - Close Up Eric Borner\" \/>\n<meta name=\"robots\" content=\"index, follow, max-snippet:-1, max-image-preview:large, max-video-preview:-1\" \/>\n<link rel=\"canonical\" href=\"https:\/\/demo.seminaire-prestige.fr\/chateau-disenbourg-colmar\/activites\/magie\/\" \/>\n<meta property=\"og:locale\" content=\"fr_FR\" \/>\n<meta property=\"og:type\" content=\"article\" \/>\n<meta property=\"og:title\" content=\"Chateau d&#039;Isenbourg en Alsace animation magie pour vos soir\u00e9es\" \/>\n<meta property=\"og:description\" content=\"Animer votre soir\u00e9e de fin d&#039;ann\u00e9e, votre s\u00e9minaire au Chateau d&#039;Isenbourg avec un spectacle de magie - Close Up Eric Borner\" \/>\n<meta property=\"og:url\" content=\"https:\/\/demo.seminaire-prestige.fr\/chateau-disenbourg-colmar\/activites\/magie\/\" \/>\n<meta property=\"og:site_name\" content=\"Ch\u00e2teau d&#039;Isenbourg\" \/>\n<meta property=\"og:image\" content=\"https:\/\/demo.seminaire-prestige.fr\/chateau-disenbourg-colmar\/wp-content\/uploads\/sites\/7\/2019\/09\/chateau-disenbourg-seminaire-colmar-11.jpg\" \/>\n\t<meta property=\"og:image:width\" content=\"1996\" \/>\n\t<meta property=\"og:image:height\" content=\"1083\" \/>\n\t<meta property=\"og:image:type\" content=\"image\/jpeg\" \/>\n<meta name=\"twitter:card\" content=\"summary_large_image\" \/>\n<meta name=\"twitter:label1\" content=\"Dur\u00e9e de lecture estim\u00e9e\" \/>\n\t<meta name=\"twitter:data1\" content=\"8 minutes\" \/>\n<script type=\"application\/ld+json\" class=\"yoast-schema-graph\">{\"@context\":\"https:\/\/schema.org\",\"@graph\":[{\"@type\":\"WebPage\",\"@id\":\"https:\/\/demo.seminaire-prestige.fr\/chateau-disenbourg-colmar\/activites\/magie\/\",\"url\":\"https:\/\/demo.seminaire-prestige.fr\/chateau-disenbourg-colmar\/activites\/magie\/\",\"name\":\"Chateau d'Isenbourg en Alsace animation magie pour vos soir\u00e9es\",\"isPartOf\":{\"@id\":\"https:\/\/demo.seminaire-prestige.fr\/chateau-disenbourg-colmar\/#website\"},\"datePublished\":\"2021-10-06T07:46:16+00:00\",\"dateModified\":\"2021-10-06T07:46:16+00:00\",\"description\":\"Animer votre soir\u00e9e de fin d'ann\u00e9e, votre s\u00e9minaire au Chateau d'Isenbourg avec un spectacle de magie - Close Up Eric Borner\",\"breadcrumb\":{\"@id\":\"https:\/\/demo.seminaire-prestige.fr\/chateau-disenbourg-colmar\/activites\/magie\/#breadcrumb\"},\"inLanguage\":\"fr-FR\",\"potentialAction\":[{\"@type\":\"ReadAction\",\"target\":[\"https:\/\/demo.seminaire-prestige.fr\/chateau-disenbourg-colmar\/activites\/magie\/\"]}]},{\"@type\":\"BreadcrumbList\",\"@id\":\"https:\/\/demo.seminaire-prestige.fr\/chateau-disenbourg-colmar\/activites\/magie\/#breadcrumb\",\"itemListElement\":[{\"@type\":\"ListItem\",\"position\":1,\"name\":\"Home\",\"item\":\"https:\/\/demo.seminaire-prestige.fr\/chateau-disenbourg-colmar\/\"},{\"@type\":\"ListItem\",\"position\":2,\"name\":\"Activit\u00e9s\",\"item\":\"https:\/\/demo.seminaire-prestige.fr\/chateau-disenbourg-colmar\/activites\/\"},{\"@type\":\"ListItem\",\"position\":3,\"name\":\"Actualit\u00e9s\"}]},{\"@type\":\"WebSite\",\"@id\":\"https:\/\/demo.seminaire-prestige.fr\/chateau-disenbourg-colmar\/#website\",\"url\":\"https:\/\/demo.seminaire-prestige.fr\/chateau-disenbourg-colmar\/\",\"name\":\"Ch\u00e2teau d&#039;Isenbourg\",\"description\":\"\",\"potentialAction\":[{\"@type\":\"SearchAction\",\"target\":{\"@type\":\"EntryPoint\",\"urlTemplate\":\"https:\/\/demo.seminaire-prestige.fr\/chateau-disenbourg-colmar\/?s={search_term_string}\"},\"query-input\":\"required name=search_term_string\"}],\"inLanguage\":\"fr-FR\"}]}<\/script>\n<!-- \/ Yoast SEO plugin. -->","yoast_head_json":{"title":"Chateau d'Isenbourg en Alsace animation magie pour vos soir\u00e9es","description":"Animer votre soir\u00e9e de fin d'ann\u00e9e, votre s\u00e9minaire au Chateau d'Isenbourg avec un spectacle de magie - Close Up Eric Borner","robots":{"index":"index","follow":"follow","max-snippet":"max-snippet:-1","max-image-preview":"max-image-preview:large","max-video-preview":"max-video-preview:-1"},"canonical":"https:\/\/demo.seminaire-prestige.fr\/chateau-disenbourg-colmar\/activites\/magie\/","og_locale":"fr_FR","og_type":"article","og_title":"Chateau d'Isenbourg en Alsace animation magie pour vos soir\u00e9es","og_description":"Animer votre soir\u00e9e de fin d'ann\u00e9e, votre s\u00e9minaire au Chateau d'Isenbourg avec un spectacle de magie - Close Up Eric Borner","og_url":"https:\/\/demo.seminaire-prestige.fr\/chateau-disenbourg-colmar\/activites\/magie\/","og_site_name":"Ch\u00e2teau d&#039;Isenbourg","og_image":[{"width":1996,"height":1083,"url":"https:\/\/demo.seminaire-prestige.fr\/chateau-disenbourg-colmar\/wp-content\/uploads\/sites\/7\/2019\/09\/chateau-disenbourg-seminaire-colmar-11.jpg","type":"image\/jpeg"}],"twitter_card":"summary_large_image","twitter_misc":{"Dur\u00e9e de lecture estim\u00e9e":"8 minutes"},"schema":{"@context":"https:\/\/schema.org","@graph":[{"@type":"WebPage","@id":"https:\/\/demo.seminaire-prestige.fr\/chateau-disenbourg-colmar\/activites\/magie\/","url":"https:\/\/demo.seminaire-prestige.fr\/chateau-disenbourg-colmar\/activites\/magie\/","name":"Chateau d'Isenbourg en Alsace animation magie pour vos soir\u00e9es","isPartOf":{"@id":"https:\/\/demo.seminaire-prestige.fr\/chateau-disenbourg-colmar\/#website"},"datePublished":"2021-10-06T07:46:16+00:00","dateModified":"2021-10-06T07:46:16+00:00","description":"Animer votre soir\u00e9e de fin d'ann\u00e9e, votre s\u00e9minaire au Chateau d'Isenbourg avec un spectacle de magie - Close Up Eric Borner","breadcrumb":{"@id":"https:\/\/demo.seminaire-prestige.fr\/chateau-disenbourg-colmar\/activites\/magie\/#breadcrumb"},"inLanguage":"fr-FR","potentialAction":[{"@type":"ReadAction","target":["https:\/\/demo.seminaire-prestige.fr\/chateau-disenbourg-colmar\/activites\/magie\/"]}]},{"@type":"BreadcrumbList","@id":"https:\/\/demo.seminaire-prestige.fr\/chateau-disenbourg-colmar\/activites\/magie\/#breadcrumb","itemListElement":[{"@type":"ListItem","position":1,"name":"Home","item":"https:\/\/demo.seminaire-prestige.fr\/chateau-disenbourg-colmar\/"},{"@type":"ListItem","position":2,"name":"Activit\u00e9s","item":"https:\/\/demo.seminaire-prestige.fr\/chateau-disenbourg-colmar\/activites\/"},{"@type":"ListItem","position":3,"name":"Actualit\u00e9s"}]},{"@type":"WebSite","@id":"https:\/\/demo.seminaire-prestige.fr\/chateau-disenbourg-colmar\/#website","url":"https:\/\/demo.seminaire-prestige.fr\/chateau-disenbourg-colmar\/","name":"Ch\u00e2teau d&#039;Isenbourg","description":"","potentialAction":[{"@type":"SearchAction","target":{"@type":"EntryPoint","urlTemplate":"https:\/\/demo.seminaire-prestige.fr\/chateau-disenbourg-colmar\/?s={search_term_string}"},"query-input":"required name=search_term_string"}],"inLanguage":"fr-FR"}]}},"_links":{"self":[{"href":"https:\/\/demo.seminaire-prestige.fr\/chateau-disenbourg-colmar\/wp-json\/wp\/v2\/pages\/580"}],"collection":[{"href":"https:\/\/demo.seminaire-prestige.fr\/chateau-disenbourg-colmar\/wp-json\/wp\/v2\/pages"}],"about":[{"href":"https:\/\/demo.seminaire-prestige.fr\/chateau-disenbourg-colmar\/wp-json\/wp\/v2\/types\/page"}],"author":[{"embeddable":true,"href":"https:\/\/demo.seminaire-prestige.fr\/chateau-disenbourg-colmar\/wp-json\/wp\/v2\/users\/2"}],"replies":[{"embeddable":true,"href":"https:\/\/demo.seminaire-prestige.fr\/chateau-disenbourg-colmar\/wp-json\/wp\/v2\/comments?post=580"}],"version-history":[{"count":2,"href":"https:\/\/demo.seminaire-prestige.fr\/chateau-disenbourg-colmar\/wp-json\/wp\/v2\/pages\/580\/revisions"}],"predecessor-version":[{"id":583,"href":"https:\/\/demo.seminaire-prestige.fr\/chateau-disenbourg-colmar\/wp-json\/wp\/v2\/pages\/580\/revisions\/583"}],"up":[{"embeddable":true,"href":"https:\/\/demo.seminaire-prestige.fr\/chateau-disenbourg-colmar\/wp-json\/wp\/v2\/pages\/126"}],"wp:attachment":[{"href":"https:\/\/demo.seminaire-prestige.fr\/chateau-disenbourg-colmar\/wp-json\/wp\/v2\/media?parent=580"}],"curies":[{"name":"wp","href":"https:\/\/api.w.org\/{rel}","templated":true}]}}