{"id":128,"date":"2019-09-09T15:18:36","date_gmt":"2019-09-09T13:18:36","guid":{"rendered":"http:\/\/refonte.seminaire-prestige.fr\/chateau-disenbourg-colmar\/?page_id=128"},"modified":"2023-01-25T09:53:45","modified_gmt":"2023-01-25T08:53:45","slug":"actualites","status":"publish","type":"page","link":"https:\/\/demo.seminaire-prestige.fr\/chateau-disenbourg-colmar\/actualites\/","title":{"rendered":"Actualit\u00e9s"},"content":{"rendered":"<p><div class=\"fusion-fullwidth fullwidth-box fusion-builder-row-1 fusion-flex-container nonhundred-percent-fullwidth non-hundred-percent-height-scrolling\" style=\"--awb-border-radius-top-left:0px;--awb-border-radius-top-right:0px;--awb-border-radius-bottom-right:0px;--awb-border-radius-bottom-left:0px;--awb-padding-top:60px;--awb-padding-bottom:-20px;--awb-background-color:rgba(255,255,255,0);\" ><div class=\"fusion-builder-row fusion-row fusion-flex-align-items-flex-start\" style=\"max-width:1144px;margin-left: calc(-4% \/ 2 );margin-right: calc(-4% \/ 2 );\"><div class=\"fusion-layout-column fusion_builder_column fusion-builder-column-0 fusion_builder_column_1_1 1_1 fusion-flex-column fusion-animated\" style=\"--awb-bg-size:cover;--awb-width-large:100%;--awb-margin-top-large:-50px;--awb-spacing-right-large:1.92%;--awb-margin-bottom-large:10px;--awb-spacing-left-large:1.92%;--awb-width-medium:100%;--awb-spacing-right-medium:1.92%;--awb-spacing-left-medium:1.92%;--awb-width-small:100%;--awb-spacing-right-small:1.92%;--awb-spacing-left-small:1.92%;\" data-animationType=\"fadeInLeft\" data-animationDuration=\"0.6\" data-animationOffset=\"top-into-view\"><div class=\"fusion-column-wrapper fusion-column-has-shadow fusion-flex-justify-content-flex-start fusion-content-layout-column\"><div class=\"fusion-title title fusion-title-1 fusion-title-text fusion-title-size-two\" style=\"--awb-text-color:#899064;\"><div class=\"title-sep-container title-sep-container-left fusion-no-large-visibility fusion-no-medium-visibility fusion-no-small-visibility\"><div class=\"title-sep sep-single sep-solid\" style=\"border-color:#e0dede;\"><\/div><\/div><span class=\"awb-title-spacer fusion-no-large-visibility fusion-no-medium-visibility fusion-no-small-visibility\"><\/span><h2 class=\"title-heading-left fusion-responsive-typography-calculated\" style=\"margin:0;--fontSize:26;line-height:1.69;\">Ch\u00e2teau d&rsquo;Isenbourg \u2013 Actualit\u00e9s<\/h2><span class=\"awb-title-spacer\"><\/span><div class=\"title-sep-container title-sep-container-right\"><div class=\"title-sep sep-single sep-solid\" style=\"border-color:#e0dede;\"><\/div><\/div><\/div><\/div><\/div><div class=\"fusion-layout-column fusion_builder_column fusion-builder-column-1 fusion_builder_column_1_2 1_2 fusion-flex-column\" style=\"--awb-bg-size:cover;--awb-border-color:#899064;--awb-border-top:3px;--awb-border-style:solid;--awb-width-large:50%;--awb-margin-top-large:0px;--awb-spacing-right-large:3.84%;--awb-margin-bottom-large:0px;--awb-spacing-left-large:3.84%;--awb-width-medium:100%;--awb-spacing-right-medium:1.92%;--awb-spacing-left-medium:1.92%;--awb-width-small:100%;--awb-spacing-right-small:1.92%;--awb-spacing-left-small:1.92%;\"><div class=\"fusion-column-wrapper fusion-column-has-shadow fusion-flex-justify-content-flex-start fusion-content-layout-column\"><div class=\"awb-gallery-wrapper awb-gallery-wrapper-1 button-span-no\"><div style=\"margin:-5px;--awb-bordersize:0px;\" class=\"fusion-gallery fusion-gallery-container fusion-grid-1 fusion-columns-total-2 fusion-gallery-layout-grid fusion-gallery-1\"><div style=\"padding:5px;\" class=\"fusion-grid-column fusion-gallery-column fusion-gallery-column-1 hover-type-none\"><div class=\"fusion-gallery-image\"><a href=\"https:\/\/demo.seminaire-prestige.fr\/chateau-disenbourg-colmar\/wp-content\/uploads\/sites\/7\/2022\/10\/isenbourg_princes_eveques.jpg\" rel=\"noreferrer\" data-rel=\"iLightbox[gallery_image_1]\" class=\"fusion-lightbox\" target=\"_self\"><img decoding=\"async\" src=\"https:\/\/demo.seminaire-prestige.fr\/chateau-disenbourg-colmar\/wp-content\/uploads\/sites\/7\/2022\/10\/isenbourg_princes_eveques.jpg\" width=\"1200\" height=\"650\" alt=\"\" title=\"isenbourg_princes_eveques\" aria-label=\"isenbourg_princes_eveques\" class=\"img-responsive wp-image-621\" srcset=\"https:\/\/demo.seminaire-prestige.fr\/chateau-disenbourg-colmar\/wp-content\/uploads\/sites\/7\/2022\/10\/isenbourg_princes_eveques-200x108.jpg 200w, https:\/\/demo.seminaire-prestige.fr\/chateau-disenbourg-colmar\/wp-content\/uploads\/sites\/7\/2022\/10\/isenbourg_princes_eveques-400x217.jpg 400w, https:\/\/demo.seminaire-prestige.fr\/chateau-disenbourg-colmar\/wp-content\/uploads\/sites\/7\/2022\/10\/isenbourg_princes_eveques-600x325.jpg 600w, https:\/\/demo.seminaire-prestige.fr\/chateau-disenbourg-colmar\/wp-content\/uploads\/sites\/7\/2022\/10\/isenbourg_princes_eveques-800x433.jpg 800w, https:\/\/demo.seminaire-prestige.fr\/chateau-disenbourg-colmar\/wp-content\/uploads\/sites\/7\/2022\/10\/isenbourg_princes_eveques.jpg 1200w\" sizes=\"(min-width: 2200px) 100vw, (min-width: 640px) 1100px, \" \/><\/a><\/div><\/div><div class=\"clearfix\"><\/div><div style=\"padding:5px;\" class=\"fusion-grid-column fusion-gallery-column fusion-gallery-column-1 hover-type-none\"><div class=\"fusion-gallery-image\"><a href=\"https:\/\/demo.seminaire-prestige.fr\/chateau-disenbourg-colmar\/wp-content\/uploads\/sites\/7\/2022\/10\/plat_banquet.jpg\" rel=\"noreferrer\" data-rel=\"iLightbox[gallery_image_1]\" class=\"fusion-lightbox\" target=\"_self\"><img decoding=\"async\" src=\"https:\/\/demo.seminaire-prestige.fr\/chateau-disenbourg-colmar\/wp-content\/uploads\/sites\/7\/2022\/10\/plat_banquet.jpg\" width=\"1200\" height=\"650\" alt=\"plat_banquet\" title=\"\" aria-label=\"\" class=\"img-responsive wp-image-623\" srcset=\"https:\/\/demo.seminaire-prestige.fr\/chateau-disenbourg-colmar\/wp-content\/uploads\/sites\/7\/2022\/10\/plat_banquet-200x108.jpg 200w, https:\/\/demo.seminaire-prestige.fr\/chateau-disenbourg-colmar\/wp-content\/uploads\/sites\/7\/2022\/10\/plat_banquet-400x217.jpg 400w, https:\/\/demo.seminaire-prestige.fr\/chateau-disenbourg-colmar\/wp-content\/uploads\/sites\/7\/2022\/10\/plat_banquet-600x325.jpg 600w, https:\/\/demo.seminaire-prestige.fr\/chateau-disenbourg-colmar\/wp-content\/uploads\/sites\/7\/2022\/10\/plat_banquet-800x433.jpg 800w, https:\/\/demo.seminaire-prestige.fr\/chateau-disenbourg-colmar\/wp-content\/uploads\/sites\/7\/2022\/10\/plat_banquet.jpg 1200w\" sizes=\"(min-width: 2200px) 100vw, (min-width: 640px) 1100px, \" \/><\/a><\/div><\/div><div class=\"clearfix\"><\/div><\/div><\/div><\/div><\/div><div class=\"fusion-layout-column fusion_builder_column fusion-builder-column-2 fusion_builder_column_1_2 1_2 fusion-flex-column\" style=\"--awb-bg-size:cover;--awb-width-large:50%;--awb-margin-top-large:30px;--awb-spacing-right-large:3.84%;--awb-margin-bottom-large:10px;--awb-spacing-left-large:3.84%;--awb-width-medium:100%;--awb-spacing-right-medium:1.92%;--awb-spacing-left-medium:1.92%;--awb-width-small:100%;--awb-spacing-right-small:1.92%;--awb-spacing-left-small:1.92%;\"><div class=\"fusion-column-wrapper fusion-column-has-shadow fusion-flex-justify-content-flex-start fusion-content-layout-column\"><div class=\"fusion-title title fusion-title-2 fusion-sep-none fusion-title-center fusion-title-text fusion-title-size-two\" style=\"--awb-text-color:#899064;--awb-margin-top:-30px;--awb-margin-top-small:-20px;\"><h2 class=\"title-heading-center fusion-responsive-typography-calculated\" style=\"margin:0;--fontSize:26;line-height:1.69;\">Instants de f\u00eates<\/h2><\/div><div class=\"fusion-text fusion-text-1\"><p>Sublimez vos f\u00eates de fin d&rsquo;ann\u00e9e dans le cadre enchanteur et insolite du Ch\u00e2teau d&rsquo;Isenbourg<\/p>\n<p>Organisez votre \u00e9v\u00e9nement dans notre majestueuse salle des Princes Ev\u00eaques, ancienne cave vout\u00e9e du XII\u00e8me si\u00e8cle<\/p>\n<p>Menu \u00e0 partir de 79\u20ac (de 15 \u00e0 180 personnes)<br \/>\navec ap\u00e9ritif, eau, vin et caf\u00e9<\/p>\n<p>L&rsquo;ap\u00e9ritif comprend : une coupe de Cr\u00e9mant ou un verre de Muscat ou un verre soft accompagn\u00e9 de trois feuillet\u00e9s par personne.<br \/>\nNombreuses options possibles pour agr\u00e9menter l&rsquo;ap\u00e9ritif<br \/>\nPour animer votre soir\u00e9e, nous pouvons vous proposer un accompagnement musical, un quizz th\u00e9matique (sp\u00e9cial Alsace ou No\u00ebl)organis\u00e9 par Alain Jardon DJ. Ambiance garantie<\/p>\n<p>Votre contact privil\u00e9gi\u00e9 : Anastasia Zucca<br \/>\n03 89 78 58 90<\/p>\n<\/div><div style=\"text-align:right;\"><a class=\"fusion-button button-flat button-small button-custom fusion-button-default button-1 fusion-button-default-span fusion-has-button-gradient\" style=\"--button_accent_color:#ffffff;--button_accent_hover_color:#ffffff;--button_border_hover_color:#ffffff;--button_border_width-top:0px;--button_border_width-right:0px;--button_border_width-bottom:0px;--button_border_width-left:0px;--button-border-radius-top-left:25px;--button-border-radius-top-right:25px;--button-border-radius-bottom-right:25px;--button-border-radius-bottom-left:25px;--button_gradient_top_color:rgba(0,91,150,0.5);--button_gradient_bottom_color:#005b96;--button_gradient_top_color_hover:#005b96;--button_gradient_bottom_color_hover:rgba(0,91,150,0.5);--button_text_transform:none;\" target=\"_self\" href=\"https:\/\/demo.seminaire-prestige.fr\/chateau-disenbourg-colmar\/demande-de-devis\/\"><span class=\"fusion-button-text\">Contact<\/span><i class=\"fa-envelope fas button-icon-right\" aria-hidden=\"true\"><\/i><\/a><\/div><\/div><\/div><\/div><\/div><div class=\"fusion-fullwidth fullwidth-box fusion-builder-row-2 fusion-flex-container nonhundred-percent-fullwidth non-hundred-percent-height-scrolling\" style=\"--awb-border-radius-top-left:0px;--awb-border-radius-top-right:0px;--awb-border-radius-bottom-right:0px;--awb-border-radius-bottom-left:0px;--awb-padding-top:60px;--awb-padding-bottom:-20px;--awb-background-color:rgba(255,255,255,0);\" ><div class=\"fusion-builder-row fusion-row fusion-flex-align-items-flex-start\" style=\"max-width:calc( 1100px + 0px );margin-left: calc(-0px \/ 2 );margin-right: calc(-0px \/ 2 );\"><div class=\"fusion-layout-column fusion_builder_column fusion-builder-column-3 fusion_builder_column_1_1 1_1 fusion-flex-column fusion-animated\" style=\"--awb-bg-size:cover;--awb-width-large:100%;--awb-margin-top-large:10px;--awb-spacing-right-large:0px;--awb-margin-bottom-large:10px;--awb-spacing-left-large:0px;--awb-width-medium:100%;--awb-spacing-right-medium:0px;--awb-spacing-left-medium:0px;--awb-width-small:100%;--awb-spacing-right-small:0px;--awb-spacing-left-small:0px;\" data-animationType=\"fadeInLeft\" data-animationDuration=\"0.6\" data-animationOffset=\"top-into-view\"><div class=\"fusion-column-wrapper fusion-column-has-shadow fusion-flex-justify-content-flex-start fusion-content-layout-column\"><div class=\"fusion-title title fusion-title-3 fusion-sep-none fusion-title-center fusion-title-text fusion-title-size-two\" style=\"--awb-text-color:#899064;--awb-margin-top:-30px;--awb-margin-top-small:-20px;\"><h2 class=\"title-heading-center fusion-responsive-typography-calculated\" style=\"margin:0;--fontSize:26;line-height:1.69;\">Nos propositions de menus<\/h2><\/div><div class=\"fusion-text fusion-text-2\"><p style=\"text-align: center;\"><span style=\"color: #899064;\">Cr\u00e9ez votre menu selon vos envies<\/span><br \/><span style=\"color: #899064;\">Menu unique pour l&rsquo;ensemble des convives<\/span><\/p>\n<p style=\"text-align: center;\"><span style=\"color: #899064;\"><strong>Choix d&rsquo;entr\u00e9es<\/strong><\/span><\/p>\n<p style=\"text-align: center;\">Tataki de saumon aux \u00e9pices d&rsquo;Alsace, sucrine et cacahu\u00e8tes<br \/>Boeuf marin\u00e9 au vinaigre de sak\u00e9, houmous de betterave,<br \/>l\u00e9gumes \u00e0 la Gr\u00e8cque et pop corn<br \/>Salade de lentilles Belluga, pommes confites, copeaux de tomme et wasabi<\/p>\n<p style=\"text-align: center;\"><span style=\"color: #899064;\"><strong>Choix de plats<\/strong><\/span><br \/>Filet de daurade grill\u00e9, butternutt, poireau confit et sauce au bois de Sakura<br \/>Dos de cabillaud, rutabaga et choux vert, sauce d&rsquo;une gardiane<br \/>Risotto de courge aux morilles et sauce aux herbes<br \/>Dos de cerf cuit basse temp\u00e9rature, cr\u00e9meux de panais,<br \/>sarasin et sauce aux salicornes<br \/>Cochon du Mont Ventoux confit la nuit au carvi, choux fleur et brocoli \u00e0 la sangria<\/p>\n<p style=\"text-align: center;\"><span style=\"color: #899064;\"><strong>Choix de desserts<\/strong><\/span><br \/>D\u00e9lice aux trois chocolats, \u00ab\u00a0Dulce-Bahibe-Cara\u00efbe\u00a0\u00bb<br \/>Surprise d&rsquo;une cr\u00e8me au foin, pomme verte et sorbet framboise, streussel noisette<br \/>Douceur exotique, ananas et mangue, cr\u00e8me au fromage blanc vanille et sorbet passion<\/p>\n<\/div><div class=\"fusion-text fusion-text-3\"><p>A partir de 50 personnes, la mise \u00e0 disposition de la salle implique un forfait de 1000\u20ac, incluant les 5 chambres situ\u00e9es au-dessus de celle-ci et r\u00e9serv\u00e9es \u00e0 vos invit\u00e9s.<\/p>\n<\/div><\/div><\/div><\/div><\/div><\/p>\n","protected":false},"excerpt":{"rendered":"","protected":false},"author":1,"featured_media":0,"parent":0,"menu_order":0,"comment_status":"closed","ping_status":"closed","template":"","meta":[],"yoast_head":"<!-- This site is optimized with the Yoast SEO plugin v20.0 - https:\/\/yoast.com\/wordpress\/plugins\/seo\/ -->\n<title>Actualit\u00e9s - Ch\u00e2teau d&#039;Isenbourg - prestations affaires<\/title>\n<meta name=\"description\" content=\"Retrouvez nos actualit\u00e9s affaires : offre et menu pour vos repas de fin d&#039;ann\u00e9e en Alsace, au Ch\u00e2teau d&#039;Isenbourg pr\u00e8s de Colmar. Banquet entreprise\" \/>\n<meta name=\"robots\" content=\"index, follow, max-snippet:-1, max-image-preview:large, max-video-preview:-1\" \/>\n<link rel=\"canonical\" href=\"https:\/\/demo.seminaire-prestige.fr\/chateau-disenbourg-colmar\/actualites\/\" \/>\n<meta property=\"og:locale\" content=\"fr_FR\" \/>\n<meta property=\"og:type\" content=\"article\" \/>\n<meta property=\"og:title\" content=\"Actualit\u00e9s - Ch\u00e2teau d&#039;Isenbourg - prestations affaires\" \/>\n<meta property=\"og:description\" content=\"Retrouvez nos actualit\u00e9s affaires : offre et menu pour vos repas de fin d&#039;ann\u00e9e en Alsace, au Ch\u00e2teau d&#039;Isenbourg pr\u00e8s de Colmar. Banquet entreprise\" \/>\n<meta property=\"og:url\" content=\"https:\/\/demo.seminaire-prestige.fr\/chateau-disenbourg-colmar\/actualites\/\" \/>\n<meta property=\"og:site_name\" content=\"Ch\u00e2teau d&#039;Isenbourg\" \/>\n<meta property=\"article:modified_time\" content=\"2023-01-25T08:53:45+00:00\" \/>\n<meta property=\"og:image\" content=\"https:\/\/demo.seminaire-prestige.fr\/chateau-disenbourg-colmar\/wp-content\/uploads\/sites\/7\/2019\/09\/chateau-disenbourg-seminaire-colmar-11.jpg\" \/>\n\t<meta property=\"og:image:width\" content=\"1996\" \/>\n\t<meta property=\"og:image:height\" content=\"1083\" \/>\n\t<meta property=\"og:image:type\" content=\"image\/jpeg\" \/>\n<meta name=\"twitter:card\" content=\"summary_large_image\" \/>\n<meta name=\"twitter:label1\" content=\"Dur\u00e9e de lecture estim\u00e9e\" \/>\n\t<meta name=\"twitter:data1\" content=\"6 minutes\" \/>\n<script type=\"application\/ld+json\" class=\"yoast-schema-graph\">{\"@context\":\"https:\/\/schema.org\",\"@graph\":[{\"@type\":\"WebPage\",\"@id\":\"https:\/\/demo.seminaire-prestige.fr\/chateau-disenbourg-colmar\/actualites\/\",\"url\":\"https:\/\/demo.seminaire-prestige.fr\/chateau-disenbourg-colmar\/actualites\/\",\"name\":\"Actualit\u00e9s - Ch\u00e2teau d&#039;Isenbourg - prestations affaires\",\"isPartOf\":{\"@id\":\"https:\/\/demo.seminaire-prestige.fr\/chateau-disenbourg-colmar\/#website\"},\"datePublished\":\"2019-09-09T13:18:36+00:00\",\"dateModified\":\"2023-01-25T08:53:45+00:00\",\"description\":\"Retrouvez nos actualit\u00e9s affaires : offre et menu pour vos repas de fin d'ann\u00e9e en Alsace, au Ch\u00e2teau d'Isenbourg pr\u00e8s de Colmar. Banquet entreprise\",\"breadcrumb\":{\"@id\":\"https:\/\/demo.seminaire-prestige.fr\/chateau-disenbourg-colmar\/actualites\/#breadcrumb\"},\"inLanguage\":\"fr-FR\",\"potentialAction\":[{\"@type\":\"ReadAction\",\"target\":[\"https:\/\/demo.seminaire-prestige.fr\/chateau-disenbourg-colmar\/actualites\/\"]}]},{\"@type\":\"BreadcrumbList\",\"@id\":\"https:\/\/demo.seminaire-prestige.fr\/chateau-disenbourg-colmar\/actualites\/#breadcrumb\",\"itemListElement\":[{\"@type\":\"ListItem\",\"position\":1,\"name\":\"Home\",\"item\":\"https:\/\/demo.seminaire-prestige.fr\/chateau-disenbourg-colmar\/\"},{\"@type\":\"ListItem\",\"position\":2,\"name\":\"Actualit\u00e9s\"}]},{\"@type\":\"WebSite\",\"@id\":\"https:\/\/demo.seminaire-prestige.fr\/chateau-disenbourg-colmar\/#website\",\"url\":\"https:\/\/demo.seminaire-prestige.fr\/chateau-disenbourg-colmar\/\",\"name\":\"Ch\u00e2teau d&#039;Isenbourg\",\"description\":\"\",\"potentialAction\":[{\"@type\":\"SearchAction\",\"target\":{\"@type\":\"EntryPoint\",\"urlTemplate\":\"https:\/\/demo.seminaire-prestige.fr\/chateau-disenbourg-colmar\/?s={search_term_string}\"},\"query-input\":\"required name=search_term_string\"}],\"inLanguage\":\"fr-FR\"}]}<\/script>\n<!-- \/ Yoast SEO plugin. -->","yoast_head_json":{"title":"Actualit\u00e9s - Ch\u00e2teau d&#039;Isenbourg - prestations affaires","description":"Retrouvez nos actualit\u00e9s affaires : offre et menu pour vos repas de fin d'ann\u00e9e en Alsace, au Ch\u00e2teau d'Isenbourg pr\u00e8s de Colmar. Banquet entreprise","robots":{"index":"index","follow":"follow","max-snippet":"max-snippet:-1","max-image-preview":"max-image-preview:large","max-video-preview":"max-video-preview:-1"},"canonical":"https:\/\/demo.seminaire-prestige.fr\/chateau-disenbourg-colmar\/actualites\/","og_locale":"fr_FR","og_type":"article","og_title":"Actualit\u00e9s - Ch\u00e2teau d&#039;Isenbourg - prestations affaires","og_description":"Retrouvez nos actualit\u00e9s affaires : offre et menu pour vos repas de fin d'ann\u00e9e en Alsace, au Ch\u00e2teau d'Isenbourg pr\u00e8s de Colmar. Banquet entreprise","og_url":"https:\/\/demo.seminaire-prestige.fr\/chateau-disenbourg-colmar\/actualites\/","og_site_name":"Ch\u00e2teau d&#039;Isenbourg","article_modified_time":"2023-01-25T08:53:45+00:00","og_image":[{"width":1996,"height":1083,"url":"https:\/\/demo.seminaire-prestige.fr\/chateau-disenbourg-colmar\/wp-content\/uploads\/sites\/7\/2019\/09\/chateau-disenbourg-seminaire-colmar-11.jpg","type":"image\/jpeg"}],"twitter_card":"summary_large_image","twitter_misc":{"Dur\u00e9e de lecture estim\u00e9e":"6 minutes"},"schema":{"@context":"https:\/\/schema.org","@graph":[{"@type":"WebPage","@id":"https:\/\/demo.seminaire-prestige.fr\/chateau-disenbourg-colmar\/actualites\/","url":"https:\/\/demo.seminaire-prestige.fr\/chateau-disenbourg-colmar\/actualites\/","name":"Actualit\u00e9s - Ch\u00e2teau d&#039;Isenbourg - prestations affaires","isPartOf":{"@id":"https:\/\/demo.seminaire-prestige.fr\/chateau-disenbourg-colmar\/#website"},"datePublished":"2019-09-09T13:18:36+00:00","dateModified":"2023-01-25T08:53:45+00:00","description":"Retrouvez nos actualit\u00e9s affaires : offre et menu pour vos repas de fin d'ann\u00e9e en Alsace, au Ch\u00e2teau d'Isenbourg pr\u00e8s de Colmar. Banquet entreprise","breadcrumb":{"@id":"https:\/\/demo.seminaire-prestige.fr\/chateau-disenbourg-colmar\/actualites\/#breadcrumb"},"inLanguage":"fr-FR","potentialAction":[{"@type":"ReadAction","target":["https:\/\/demo.seminaire-prestige.fr\/chateau-disenbourg-colmar\/actualites\/"]}]},{"@type":"BreadcrumbList","@id":"https:\/\/demo.seminaire-prestige.fr\/chateau-disenbourg-colmar\/actualites\/#breadcrumb","itemListElement":[{"@type":"ListItem","position":1,"name":"Home","item":"https:\/\/demo.seminaire-prestige.fr\/chateau-disenbourg-colmar\/"},{"@type":"ListItem","position":2,"name":"Actualit\u00e9s"}]},{"@type":"WebSite","@id":"https:\/\/demo.seminaire-prestige.fr\/chateau-disenbourg-colmar\/#website","url":"https:\/\/demo.seminaire-prestige.fr\/chateau-disenbourg-colmar\/","name":"Ch\u00e2teau d&#039;Isenbourg","description":"","potentialAction":[{"@type":"SearchAction","target":{"@type":"EntryPoint","urlTemplate":"https:\/\/demo.seminaire-prestige.fr\/chateau-disenbourg-colmar\/?s={search_term_string}"},"query-input":"required name=search_term_string"}],"inLanguage":"fr-FR"}]}},"_links":{"self":[{"href":"https:\/\/demo.seminaire-prestige.fr\/chateau-disenbourg-colmar\/wp-json\/wp\/v2\/pages\/128"}],"collection":[{"href":"https:\/\/demo.seminaire-prestige.fr\/chateau-disenbourg-colmar\/wp-json\/wp\/v2\/pages"}],"about":[{"href":"https:\/\/demo.seminaire-prestige.fr\/chateau-disenbourg-colmar\/wp-json\/wp\/v2\/types\/page"}],"author":[{"embeddable":true,"href":"https:\/\/demo.seminaire-prestige.fr\/chateau-disenbourg-colmar\/wp-json\/wp\/v2\/users\/1"}],"replies":[{"embeddable":true,"href":"https:\/\/demo.seminaire-prestige.fr\/chateau-disenbourg-colmar\/wp-json\/wp\/v2\/comments?post=128"}],"version-history":[{"count":40,"href":"https:\/\/demo.seminaire-prestige.fr\/chateau-disenbourg-colmar\/wp-json\/wp\/v2\/pages\/128\/revisions"}],"predecessor-version":[{"id":701,"href":"https:\/\/demo.seminaire-prestige.fr\/chateau-disenbourg-colmar\/wp-json\/wp\/v2\/pages\/128\/revisions\/701"}],"wp:attachment":[{"href":"https:\/\/demo.seminaire-prestige.fr\/chateau-disenbourg-colmar\/wp-json\/wp\/v2\/media?parent=128"}],"curies":[{"name":"wp","href":"https:\/\/api.w.org\/{rel}","templated":true}]}}