{"id":573,"date":"2019-11-14T10:29:50","date_gmt":"2019-11-14T09:29:50","guid":{"rendered":"https:\/\/www.seminaire-prestige.fr\/chateau-de-gilly-bourgogne\/?page_id=573"},"modified":"2019-11-14T12:11:11","modified_gmt":"2019-11-14T11:11:11","slug":"rallye-degustation","status":"publish","type":"page","link":"https:\/\/demo.seminaire-prestige.fr\/chateau-de-gilly-bourgogne\/activites\/rallye-degustation\/","title":{"rendered":"Rally d\u00e9gustation"},"content":{"rendered":"<p><div class=\"fusion-fullwidth fullwidth-box fusion-builder-row-1 fusion-flex-container nonhundred-percent-fullwidth non-hundred-percent-height-scrolling\" style=\"--awb-border-radius-top-left:0px;--awb-border-radius-top-right:0px;--awb-border-radius-bottom-right:0px;--awb-border-radius-bottom-left:0px;--awb-padding-top:40px;--awb-padding-bottom:-10px;--awb-margin-top:40px;--awb-margin-bottom:-10px;--awb-background-color:rgba(255,255,255,0);\" ><div class=\"fusion-builder-row fusion-row fusion-flex-align-items-flex-start\" style=\"max-width:calc( 1100px + 0px );margin-left: calc(-0px \/ 2 );margin-right: calc(-0px \/ 2 );\"><div class=\"fusion-layout-column fusion_builder_column fusion-builder-column-0 fusion_builder_column_1_1 1_1 fusion-flex-column fusion-animated\" style=\"--awb-bg-size:cover;--awb-width-large:100%;--awb-margin-top-large:-50px;--awb-spacing-right-large:0px;--awb-margin-bottom-large:10px;--awb-spacing-left-large:0px;--awb-width-medium:100%;--awb-spacing-right-medium:0px;--awb-spacing-left-medium:0px;--awb-width-small:100%;--awb-spacing-right-small:0px;--awb-spacing-left-small:0px;\" data-animationType=\"fadeInLeft\" data-animationDuration=\"0.6\" data-animationOffset=\"top-into-view\"><div class=\"fusion-column-wrapper fusion-column-has-shadow fusion-flex-justify-content-flex-start fusion-content-layout-column\"><div class=\"fusion-title title fusion-title-1 fusion-title-text fusion-title-size-two\" style=\"--awb-text-color:#005b96;\"><div class=\"title-sep-container title-sep-container-left fusion-no-large-visibility fusion-no-medium-visibility fusion-no-small-visibility\"><div class=\"title-sep sep-single sep-solid\" style=\"border-color:#e0dede;\"><\/div><\/div><span class=\"awb-title-spacer fusion-no-large-visibility fusion-no-medium-visibility fusion-no-small-visibility\"><\/span><h2 class=\"title-heading-left fusion-responsive-typography-calculated\" style=\"margin:0;--fontSize:26;line-height:1.69;\">Ch\u00e2teau de Gilly \u2013 Activit\u00e9s<\/h2><span class=\"awb-title-spacer\"><\/span><div class=\"title-sep-container title-sep-container-right\"><div class=\"title-sep sep-single sep-solid\" style=\"border-color:#e0dede;\"><\/div><\/div><\/div><div class=\"fusion-title title fusion-title-2 fusion-sep-none fusion-title-text fusion-title-size-three\" style=\"--awb-text-color:rgba(0,0,0,0.49);\"><h3 class=\"title-heading-right fusion-responsive-typography-calculated\" style=\"margin:0;--fontSize:24;line-height:1.67;\"><p style=\"text-align: center;\"><span style=\"font-size: 18pt;\">Rallye des 5 sens<\/span><\/p><\/h3><\/div><div class=\"fusion-text fusion-text-1\"><p style=\"text-align: center;\">Avec l&rsquo;agence Elijence &#8211; Animation autour du vin<br \/>\nDes jeux diff\u00e9rents et originaux autour des 5 sens<\/p>\n<\/div><\/div><\/div><\/div><\/div><div class=\"fusion-fullwidth fullwidth-box fusion-builder-row-2 fusion-flex-container nonhundred-percent-fullwidth non-hundred-percent-height-scrolling\" style=\"--awb-background-position:left top;--awb-border-color:#f7f7f7;--awb-border-radius-top-left:0px;--awb-border-radius-top-right:0px;--awb-border-radius-bottom-right:0px;--awb-border-radius-bottom-left:0px;--awb-border-sizes-top:0px;--awb-border-sizes-bottom:0px;\" ><div class=\"fusion-builder-row fusion-row fusion-flex-align-items-flex-start\" style=\"max-width:1144px;margin-left: calc(-4% \/ 2 );margin-right: calc(-4% \/ 2 );\"><div class=\"fusion-layout-column fusion_builder_column fusion-builder-column-1 fusion_builder_column_1_2 1_2 fusion-flex-column fusion-animated\" style=\"--awb-padding-bottom:10px;--awb-overflow:hidden;--awb-bg-color:#ffffff;--awb-bg-size:cover;--awb-border-color:#005b96;--awb-border-top:3px;--awb-border-style:solid;--awb-border-radius:25px 25px 25px 25px;--awb-width-large:50%;--awb-margin-top-large:10px;--awb-spacing-right-large:15px;--awb-margin-bottom-large:10px;--awb-spacing-left-large:3.84%;--awb-width-medium:100%;--awb-spacing-right-medium:1.92%;--awb-spacing-left-medium:1.92%;--awb-width-small:100%;--awb-spacing-right-small:1.92%;--awb-spacing-left-small:1.92%;\" data-animationType=\"fadeInRight\" data-animationDuration=\"0.6\" data-animationOffset=\"top-into-view\"><div class=\"fusion-column-wrapper fusion-column-has-shadow fusion-flex-justify-content-flex-start fusion-content-layout-column\"><div class=\"fusion-image-carousel fusion-image-carousel-auto fusion-image-carousel-1 lightbox-enabled\"><div class=\"awb-carousel awb-swiper awb-swiper-carousel\" data-autoplay=\"no\" data-columns=\"1\" data-itemmargin=\"0\" data-itemwidth=\"180\" data-touchscroll=\"no\" data-imagesize=\"auto\" style=\"--awb-columns:1;--awb-column-spacing:0px;\"><div class=\"swiper-wrapper fusion-flex-align-items-center\"><div class=\"swiper-slide\"><div class=\"fusion-carousel-item-wrapper\"><div class=\"fusion-image-wrapper hover-type-none\"><a data-rel=\"iLightbox[image_carousel_1]\" data-title=\"elijence_1\" aria-label=\"elijence_1\" href=\"https:\/\/demo.seminaire-prestige.fr\/chateau-de-gilly-bourgogne\/wp-content\/uploads\/sites\/8\/2019\/11\/elijence_1-1200x648.jpg\" target=\"_self\"><img width=\"2000\" height=\"1080\" src=\"https:\/\/demo.seminaire-prestige.fr\/chateau-de-gilly-bourgogne\/wp-content\/uploads\/sites\/8\/2019\/11\/elijence_1.jpg\" class=\"attachment-full size-full\" alt=\"rallye voiture Bourgogne\" decoding=\"async\" srcset=\"https:\/\/demo.seminaire-prestige.fr\/chateau-de-gilly-bourgogne\/wp-content\/uploads\/sites\/8\/2019\/11\/elijence_1-200x108.jpg 200w, https:\/\/demo.seminaire-prestige.fr\/chateau-de-gilly-bourgogne\/wp-content\/uploads\/sites\/8\/2019\/11\/elijence_1-300x162.jpg 300w, https:\/\/demo.seminaire-prestige.fr\/chateau-de-gilly-bourgogne\/wp-content\/uploads\/sites\/8\/2019\/11\/elijence_1-400x216.jpg 400w, https:\/\/demo.seminaire-prestige.fr\/chateau-de-gilly-bourgogne\/wp-content\/uploads\/sites\/8\/2019\/11\/elijence_1-600x324.jpg 600w, https:\/\/demo.seminaire-prestige.fr\/chateau-de-gilly-bourgogne\/wp-content\/uploads\/sites\/8\/2019\/11\/elijence_1-768x415.jpg 768w, https:\/\/demo.seminaire-prestige.fr\/chateau-de-gilly-bourgogne\/wp-content\/uploads\/sites\/8\/2019\/11\/elijence_1-800x432.jpg 800w, https:\/\/demo.seminaire-prestige.fr\/chateau-de-gilly-bourgogne\/wp-content\/uploads\/sites\/8\/2019\/11\/elijence_1-1024x553.jpg 1024w, https:\/\/demo.seminaire-prestige.fr\/chateau-de-gilly-bourgogne\/wp-content\/uploads\/sites\/8\/2019\/11\/elijence_1-1200x648.jpg 1200w, https:\/\/demo.seminaire-prestige.fr\/chateau-de-gilly-bourgogne\/wp-content\/uploads\/sites\/8\/2019\/11\/elijence_1.jpg 2000w\" sizes=\"(max-width: 2000px) 100vw, 2000px\" \/><\/a><\/div><\/div><\/div><\/div><div class=\"awb-swiper-button awb-swiper-button-prev\"><i class=\"awb-icon-angle-left\" aria-hidden=\"true\"><\/i><\/div><div class=\"awb-swiper-button awb-swiper-button-next\"><i class=\"awb-icon-angle-right\" aria-hidden=\"true\"><\/i><\/div><\/div><\/div><div class=\"fusion-title title fusion-title-3 fusion-sep-none fusion-title-center fusion-title-text fusion-title-size-two\" style=\"--awb-text-color:#005b96;--awb-margin-top:-30px;\"><h2 class=\"title-heading-center fusion-responsive-typography-calculated\" style=\"margin:0;--fontSize:26;line-height:1.69;\">Une cr\u00e9ation exclusive Elijence<\/h2><\/div><div class=\"fusion-text fusion-text-2\"><p style=\"text-align: justify;\">Il s\u2019agit d\u2019un parcours jalonn\u00e9 par cinq totems\/kak\u00e9monos, chaque totem repr\u00e9sentant un sens de la d\u00e9gustation.<br \/>\nCinq sens, cinq totems donc cinq \u00e9tapes.<br \/>\nA chaque \u00e9tape correspond un sens pour lequel nous avons cr\u00e9\u00e9 des jeux diff\u00e9rents et des challenges originaux.<br \/>\nLe but \u00e9tant de permettre aux participants de d\u00e9couvrir l\u2019importance de la vue, de l\u2019odorat, du go\u00fbt, du toucher et de l\u2019ou\u00efe dans leur approche de la gastronomie ou du vin.<br \/>\nUn \u00e9v\u00e8nementiel original pour cr\u00e9er une dynamique et une convivialit\u00e9 in\u00e9dites gr\u00e2ce \u00e0 nos jeux autour des 5 sens.<\/p>\n<\/div><\/div><\/div><div class=\"fusion-layout-column fusion_builder_column fusion-builder-column-2 fusion_builder_column_1_2 1_2 fusion-flex-column fusion-animated\" style=\"--awb-padding-bottom:10px;--awb-overflow:hidden;--awb-bg-color:#ffffff;--awb-bg-size:cover;--awb-border-color:#005b96;--awb-border-top:3px;--awb-border-style:solid;--awb-border-radius:25px 25px 25px 25px;--awb-width-large:50%;--awb-margin-top-large:10px;--awb-spacing-right-large:3.84%;--awb-margin-bottom-large:10px;--awb-spacing-left-large:15px;--awb-width-medium:100%;--awb-spacing-right-medium:1.92%;--awb-spacing-left-medium:1.92%;--awb-width-small:100%;--awb-spacing-right-small:1.92%;--awb-spacing-left-small:1.92%;\" data-animationType=\"fadeInRight\" data-animationDuration=\"0.6\" data-animationOffset=\"top-into-view\"><div class=\"fusion-column-wrapper fusion-column-has-shadow fusion-flex-justify-content-flex-start fusion-content-layout-column\"><div class=\"fusion-image-carousel fusion-image-carousel-auto fusion-image-carousel-2 lightbox-enabled\"><div class=\"awb-carousel awb-swiper awb-swiper-carousel\" data-autoplay=\"no\" data-columns=\"1\" data-itemmargin=\"0\" data-itemwidth=\"180\" data-touchscroll=\"no\" data-imagesize=\"auto\" style=\"--awb-columns:1;--awb-column-spacing:0px;\"><div class=\"swiper-wrapper fusion-flex-align-items-center\"><div class=\"swiper-slide\"><div class=\"fusion-carousel-item-wrapper\"><div class=\"fusion-image-wrapper hover-type-none\"><a data-rel=\"iLightbox[image_carousel_2]\" data-title=\"elijence_2\" aria-label=\"elijence_2\" href=\"https:\/\/demo.seminaire-prestige.fr\/chateau-de-gilly-bourgogne\/wp-content\/uploads\/sites\/8\/2019\/11\/elijence_2-1200x648.jpg\" target=\"_self\"><img width=\"2000\" height=\"1080\" src=\"https:\/\/demo.seminaire-prestige.fr\/chateau-de-gilly-bourgogne\/wp-content\/uploads\/sites\/8\/2019\/11\/elijence_2.jpg\" class=\"attachment-full size-full\" alt=\"incentive vignoble Bourgogne\" decoding=\"async\" srcset=\"https:\/\/demo.seminaire-prestige.fr\/chateau-de-gilly-bourgogne\/wp-content\/uploads\/sites\/8\/2019\/11\/elijence_2-200x108.jpg 200w, https:\/\/demo.seminaire-prestige.fr\/chateau-de-gilly-bourgogne\/wp-content\/uploads\/sites\/8\/2019\/11\/elijence_2-300x162.jpg 300w, https:\/\/demo.seminaire-prestige.fr\/chateau-de-gilly-bourgogne\/wp-content\/uploads\/sites\/8\/2019\/11\/elijence_2-400x216.jpg 400w, https:\/\/demo.seminaire-prestige.fr\/chateau-de-gilly-bourgogne\/wp-content\/uploads\/sites\/8\/2019\/11\/elijence_2-600x324.jpg 600w, https:\/\/demo.seminaire-prestige.fr\/chateau-de-gilly-bourgogne\/wp-content\/uploads\/sites\/8\/2019\/11\/elijence_2-768x415.jpg 768w, https:\/\/demo.seminaire-prestige.fr\/chateau-de-gilly-bourgogne\/wp-content\/uploads\/sites\/8\/2019\/11\/elijence_2-800x432.jpg 800w, https:\/\/demo.seminaire-prestige.fr\/chateau-de-gilly-bourgogne\/wp-content\/uploads\/sites\/8\/2019\/11\/elijence_2-1024x553.jpg 1024w, https:\/\/demo.seminaire-prestige.fr\/chateau-de-gilly-bourgogne\/wp-content\/uploads\/sites\/8\/2019\/11\/elijence_2-1200x648.jpg 1200w, https:\/\/demo.seminaire-prestige.fr\/chateau-de-gilly-bourgogne\/wp-content\/uploads\/sites\/8\/2019\/11\/elijence_2.jpg 2000w\" sizes=\"(max-width: 2000px) 100vw, 2000px\" \/><\/a><\/div><\/div><\/div><\/div><div class=\"awb-swiper-button awb-swiper-button-prev\"><i class=\"awb-icon-angle-left\" aria-hidden=\"true\"><\/i><\/div><div class=\"awb-swiper-button awb-swiper-button-next\"><i class=\"awb-icon-angle-right\" aria-hidden=\"true\"><\/i><\/div><\/div><\/div><div class=\"fusion-title title fusion-title-4 fusion-sep-none fusion-title-center fusion-title-text fusion-title-size-two\" style=\"--awb-text-color:#005b96;--awb-margin-top:-30px;\"><h2 class=\"title-heading-center fusion-responsive-typography-calculated\" style=\"margin:0;--fontSize:26;line-height:1.69;\">Organisation de l&rsquo;animation<\/h2><\/div><div class=\"fusion-text fusion-text-3\"><p style=\"margin: 0cm; margin-bottom: .0001pt;\">Les participants sont r\u00e9partis sur les cinq totems o\u00f9 les attentent d\u00e9fis et tests pour d\u00e9couvrir \u00a0leur niveau de sensibilit\u00e9, de connaissances. \u00c0 la fin du parcours tous les groupes ont exp\u00e9riment\u00e9 \u00a0les 5 totems.<\/p>\n<p style=\"margin: 0cm; margin-bottom: .0001pt;\">Gr\u00e2ce \u00e0 ce parcours jalonn\u00e9 de d\u00e9fis et de challenges, vous d\u00e9couvrez \u00e0 quel point chacun de vos sens (la vue, l\u2019odorat, le go\u00fbt, l\u2019ou\u00efe, le toucher) augmente votre plaisir de la d\u00e9gustation.<\/p>\n<p style=\"margin: 0cm; margin-bottom: .0001pt;\">Dur\u00e9e\u00a0: 2h<\/p>\n<p style=\"margin: 0cm; margin-bottom: .0001pt;\">Groupe \u00e0 partir 15 personnes<\/p>\n<p style=\"margin: 0cm; margin-bottom: .0001pt;\">Se d\u00e9roule en int\u00e9rieur &#8211; adapt\u00e9 \u00e0 toutes les saisons<\/p>\n<p style=\"text-align: justify;\">Plus d&rsquo;informations sur <a href=\"https:\/\/www.elijence.com\/rallye-des-5-sens\/\" target=\"_blank\" rel=\"noopener noreferrer\">&gt; https:\/\/www.elijence.com\/rallye-des-5-sens<\/a>!<\/p>\n<\/div><\/div><\/div><\/div><\/div><div class=\"fusion-fullwidth fullwidth-box fusion-builder-row-3 fusion-flex-container nonhundred-percent-fullwidth non-hundred-percent-height-scrolling\" style=\"--awb-border-radius-top-left:0px;--awb-border-radius-top-right:0px;--awb-border-radius-bottom-right:0px;--awb-border-radius-bottom-left:0px;--awb-padding-top:0px;--awb-padding-bottom:20px;--awb-margin-top:0px;--awb-margin-bottom:20px;\" ><div class=\"fusion-builder-row fusion-row fusion-flex-align-items-flex-start\" style=\"max-width:calc( 1100px + 0px );margin-left: calc(-0px \/ 2 );margin-right: calc(-0px \/ 2 );\"><div class=\"fusion-layout-column fusion_builder_column fusion-builder-column-3 fusion_builder_column_1_1 1_1 fusion-flex-column\" style=\"--awb-bg-size:cover;--awb-width-large:100%;--awb-margin-top-large:10px;--awb-spacing-right-large:0px;--awb-margin-bottom-large:10px;--awb-spacing-left-large:0px;--awb-width-medium:100%;--awb-spacing-right-medium:0px;--awb-spacing-left-medium:0px;--awb-width-small:100%;--awb-spacing-right-small:0px;--awb-spacing-left-small:0px;\"><div class=\"fusion-column-wrapper fusion-column-has-shadow fusion-flex-justify-content-flex-start fusion-content-layout-column\"><div style=\"text-align:right;\"><a class=\"fusion-button button-flat button-small button-custom fusion-button-default button-1 fusion-button-default-span fusion-has-button-gradient\" style=\"--button_accent_color:#ffffff;--button_accent_hover_color:#ffffff;--button_border_hover_color:#ffffff;--button_border_width-top:0px;--button_border_width-right:0px;--button_border_width-bottom:0px;--button_border_width-left:0px;--button-border-radius-top-left:25px;--button-border-radius-top-right:25px;--button-border-radius-bottom-right:25px;--button-border-radius-bottom-left:25px;--button_gradient_top_color:rgba(0,91,150,0.5);--button_gradient_bottom_color:#005b96;--button_gradient_top_color_hover:#005b96;--button_gradient_bottom_color_hover:rgba(0,91,150,0.5);--button_text_transform:none;\" target=\"_blank\" rel=\"noopener noreferrer\" href=\"https:\/\/demo.seminaire-prestige.fr\/chateau-de-gilly-bourgogne\/demande-de-devis\/\"><span class=\"fusion-button-text\">Contactez notre \u00e9quipe<\/span><i class=\"fa-envelope fas button-icon-right\" aria-hidden=\"true\"><\/i><\/a><\/div><\/div><\/div><\/div><\/div><\/p>\n","protected":false},"excerpt":{"rendered":"","protected":false},"author":1,"featured_media":0,"parent":126,"menu_order":0,"comment_status":"closed","ping_status":"closed","template":"","meta":[],"yoast_head":"<!-- This site is optimized with the Yoast SEO plugin v20.0 - https:\/\/yoast.com\/wordpress\/plugins\/seo\/ -->\n<title>Activit\u00e9s, incentives Chateau de Gilly en Bourgogne<\/title>\n<meta name=\"description\" content=\"Le Ch\u00e2teau de Gilly en Bourgogne propose de nombreuses activit\u00e9s pour votre s\u00e9minaire en Bourgogne : enqu\u00e8te, d\u00e9gustation de vin, d\u00e9couverte du vignoble\" \/>\n<meta name=\"robots\" content=\"noindex, follow, max-snippet:-1, max-image-preview:large, max-video-preview:-1\" \/>\n<meta property=\"og:locale\" content=\"fr_FR\" \/>\n<meta property=\"og:type\" content=\"article\" \/>\n<meta property=\"og:title\" content=\"Activit\u00e9s, incentives Chateau de Gilly en Bourgogne\" \/>\n<meta property=\"og:description\" content=\"Le Ch\u00e2teau de Gilly en Bourgogne propose de nombreuses activit\u00e9s pour votre s\u00e9minaire en Bourgogne : enqu\u00e8te, d\u00e9gustation de vin, d\u00e9couverte du vignoble\" \/>\n<meta property=\"og:url\" content=\"https:\/\/demo.seminaire-prestige.fr\/chateau-de-gilly-bourgogne\/activites\/rallye-degustation\/\" \/>\n<meta property=\"og:site_name\" content=\"Ch\u00e2teau de Gilly\" \/>\n<meta property=\"article:modified_time\" content=\"2019-11-14T11:11:11+00:00\" \/>\n<meta name=\"twitter:card\" content=\"summary_large_image\" \/>\n<meta name=\"twitter:label1\" content=\"Dur\u00e9e de lecture estim\u00e9e\" \/>\n\t<meta name=\"twitter:data1\" content=\"7 minutes\" \/>\n<script type=\"application\/ld+json\" class=\"yoast-schema-graph\">{\"@context\":\"https:\/\/schema.org\",\"@graph\":[{\"@type\":\"WebPage\",\"@id\":\"https:\/\/demo.seminaire-prestige.fr\/chateau-de-gilly-bourgogne\/activites\/rallye-degustation\/\",\"url\":\"https:\/\/demo.seminaire-prestige.fr\/chateau-de-gilly-bourgogne\/activites\/rallye-degustation\/\",\"name\":\"Activit\u00e9s, incentives Chateau de Gilly en Bourgogne\",\"isPartOf\":{\"@id\":\"https:\/\/demo.seminaire-prestige.fr\/chateau-de-gilly-bourgogne\/#website\"},\"datePublished\":\"2019-11-14T09:29:50+00:00\",\"dateModified\":\"2019-11-14T11:11:11+00:00\",\"description\":\"Le Ch\u00e2teau de Gilly en Bourgogne propose de nombreuses activit\u00e9s pour votre s\u00e9minaire en Bourgogne : enqu\u00e8te, d\u00e9gustation de vin, d\u00e9couverte du vignoble\",\"breadcrumb\":{\"@id\":\"https:\/\/demo.seminaire-prestige.fr\/chateau-de-gilly-bourgogne\/activites\/rallye-degustation\/#breadcrumb\"},\"inLanguage\":\"fr-FR\",\"potentialAction\":[{\"@type\":\"ReadAction\",\"target\":[\"https:\/\/demo.seminaire-prestige.fr\/chateau-de-gilly-bourgogne\/activites\/rallye-degustation\/\"]}]},{\"@type\":\"BreadcrumbList\",\"@id\":\"https:\/\/demo.seminaire-prestige.fr\/chateau-de-gilly-bourgogne\/activites\/rallye-degustation\/#breadcrumb\",\"itemListElement\":[{\"@type\":\"ListItem\",\"position\":1,\"name\":\"Home\",\"item\":\"https:\/\/demo.seminaire-prestige.fr\/chateau-de-gilly-bourgogne\/\"},{\"@type\":\"ListItem\",\"position\":2,\"name\":\"Activit\u00e9s\",\"item\":\"https:\/\/demo.seminaire-prestige.fr\/chateau-de-gilly-bourgogne\/activites\/\"},{\"@type\":\"ListItem\",\"position\":3,\"name\":\"Rally d\u00e9gustation\"}]},{\"@type\":\"WebSite\",\"@id\":\"https:\/\/demo.seminaire-prestige.fr\/chateau-de-gilly-bourgogne\/#website\",\"url\":\"https:\/\/demo.seminaire-prestige.fr\/chateau-de-gilly-bourgogne\/\",\"name\":\"Ch\u00e2teau de Gilly\",\"description\":\"\",\"potentialAction\":[{\"@type\":\"SearchAction\",\"target\":{\"@type\":\"EntryPoint\",\"urlTemplate\":\"https:\/\/demo.seminaire-prestige.fr\/chateau-de-gilly-bourgogne\/?s={search_term_string}\"},\"query-input\":\"required name=search_term_string\"}],\"inLanguage\":\"fr-FR\"}]}<\/script>\n<!-- \/ Yoast SEO plugin. -->","yoast_head_json":{"title":"Activit\u00e9s, incentives Chateau de Gilly en Bourgogne","description":"Le Ch\u00e2teau de Gilly en Bourgogne propose de nombreuses activit\u00e9s pour votre s\u00e9minaire en Bourgogne : enqu\u00e8te, d\u00e9gustation de vin, d\u00e9couverte du vignoble","robots":{"index":"noindex","follow":"follow","max-snippet":"max-snippet:-1","max-image-preview":"max-image-preview:large","max-video-preview":"max-video-preview:-1"},"og_locale":"fr_FR","og_type":"article","og_title":"Activit\u00e9s, incentives Chateau de Gilly en Bourgogne","og_description":"Le Ch\u00e2teau de Gilly en Bourgogne propose de nombreuses activit\u00e9s pour votre s\u00e9minaire en Bourgogne : enqu\u00e8te, d\u00e9gustation de vin, d\u00e9couverte du vignoble","og_url":"https:\/\/demo.seminaire-prestige.fr\/chateau-de-gilly-bourgogne\/activites\/rallye-degustation\/","og_site_name":"Ch\u00e2teau de Gilly","article_modified_time":"2019-11-14T11:11:11+00:00","twitter_card":"summary_large_image","twitter_misc":{"Dur\u00e9e de lecture estim\u00e9e":"7 minutes"},"schema":{"@context":"https:\/\/schema.org","@graph":[{"@type":"WebPage","@id":"https:\/\/demo.seminaire-prestige.fr\/chateau-de-gilly-bourgogne\/activites\/rallye-degustation\/","url":"https:\/\/demo.seminaire-prestige.fr\/chateau-de-gilly-bourgogne\/activites\/rallye-degustation\/","name":"Activit\u00e9s, incentives Chateau de Gilly en Bourgogne","isPartOf":{"@id":"https:\/\/demo.seminaire-prestige.fr\/chateau-de-gilly-bourgogne\/#website"},"datePublished":"2019-11-14T09:29:50+00:00","dateModified":"2019-11-14T11:11:11+00:00","description":"Le Ch\u00e2teau de Gilly en Bourgogne propose de nombreuses activit\u00e9s pour votre s\u00e9minaire en Bourgogne : enqu\u00e8te, d\u00e9gustation de vin, d\u00e9couverte du vignoble","breadcrumb":{"@id":"https:\/\/demo.seminaire-prestige.fr\/chateau-de-gilly-bourgogne\/activites\/rallye-degustation\/#breadcrumb"},"inLanguage":"fr-FR","potentialAction":[{"@type":"ReadAction","target":["https:\/\/demo.seminaire-prestige.fr\/chateau-de-gilly-bourgogne\/activites\/rallye-degustation\/"]}]},{"@type":"BreadcrumbList","@id":"https:\/\/demo.seminaire-prestige.fr\/chateau-de-gilly-bourgogne\/activites\/rallye-degustation\/#breadcrumb","itemListElement":[{"@type":"ListItem","position":1,"name":"Home","item":"https:\/\/demo.seminaire-prestige.fr\/chateau-de-gilly-bourgogne\/"},{"@type":"ListItem","position":2,"name":"Activit\u00e9s","item":"https:\/\/demo.seminaire-prestige.fr\/chateau-de-gilly-bourgogne\/activites\/"},{"@type":"ListItem","position":3,"name":"Rally d\u00e9gustation"}]},{"@type":"WebSite","@id":"https:\/\/demo.seminaire-prestige.fr\/chateau-de-gilly-bourgogne\/#website","url":"https:\/\/demo.seminaire-prestige.fr\/chateau-de-gilly-bourgogne\/","name":"Ch\u00e2teau de Gilly","description":"","potentialAction":[{"@type":"SearchAction","target":{"@type":"EntryPoint","urlTemplate":"https:\/\/demo.seminaire-prestige.fr\/chateau-de-gilly-bourgogne\/?s={search_term_string}"},"query-input":"required name=search_term_string"}],"inLanguage":"fr-FR"}]}},"_links":{"self":[{"href":"https:\/\/demo.seminaire-prestige.fr\/chateau-de-gilly-bourgogne\/wp-json\/wp\/v2\/pages\/573"}],"collection":[{"href":"https:\/\/demo.seminaire-prestige.fr\/chateau-de-gilly-bourgogne\/wp-json\/wp\/v2\/pages"}],"about":[{"href":"https:\/\/demo.seminaire-prestige.fr\/chateau-de-gilly-bourgogne\/wp-json\/wp\/v2\/types\/page"}],"author":[{"embeddable":true,"href":"https:\/\/demo.seminaire-prestige.fr\/chateau-de-gilly-bourgogne\/wp-json\/wp\/v2\/users\/1"}],"replies":[{"embeddable":true,"href":"https:\/\/demo.seminaire-prestige.fr\/chateau-de-gilly-bourgogne\/wp-json\/wp\/v2\/comments?post=573"}],"version-history":[{"count":25,"href":"https:\/\/demo.seminaire-prestige.fr\/chateau-de-gilly-bourgogne\/wp-json\/wp\/v2\/pages\/573\/revisions"}],"predecessor-version":[{"id":612,"href":"https:\/\/demo.seminaire-prestige.fr\/chateau-de-gilly-bourgogne\/wp-json\/wp\/v2\/pages\/573\/revisions\/612"}],"up":[{"embeddable":true,"href":"https:\/\/demo.seminaire-prestige.fr\/chateau-de-gilly-bourgogne\/wp-json\/wp\/v2\/pages\/126"}],"wp:attachment":[{"href":"https:\/\/demo.seminaire-prestige.fr\/chateau-de-gilly-bourgogne\/wp-json\/wp\/v2\/media?parent=573"}],"curies":[{"name":"wp","href":"https:\/\/api.w.org\/{rel}","templated":true}]}}